{"id":18507,"date":"2024-02-29T09:07:17","date_gmt":"2024-02-29T08:07:17","guid":{"rendered":"https:\/\/oldinn.nl\/unkategorisiert\/esstisch-oslo-150cm-schwarz\/"},"modified":"2025-03-17T20:55:20","modified_gmt":"2025-03-17T19:55:20","slug":"eetkamertafel-oslo-150cm-zwart","status":"publish","type":"product","link":"https:\/\/oldinn.nl\/de\/tische\/runde-tische\/eetkamertafel-oslo-150cm-zwart\/","title":{"rendered":"Esstisch Oslo 150cm Schwarz"},"content":{"rendered":"<p>Esstisch Oslo ist ein sch\u00f6ner runder Esstisch aus Mangoholz in schwarzer Farbe. Der runde Esstisch hat einen Durchmesser von 150 cm. Neben der runden Platte hat der Esstisch Oslo auch ein rundes Bein aus Mangoholz. So k\u00f6nnen Sie noch mehr Esszimmerst\u00fchle an diesen besonderen und sch\u00f6nen Esstisch stellen. Da der Tisch ein rustikales Finish und dann eine schwarze Farbe hat, verleiht er Ihrer Einrichtung einen schicken, aber auch warmen Look!    <\/p>\n<p>Vervollst\u00e4ndigen Sie Ihre Einrichtung mit einem passenden Couchtisch aus unserer Serie Oslo. Bestellen Sie den Esstisch Oslo direkt online oder besuchen Sie unseren Ausstellungsraum! Mangoholz ist im Moment super trendy. Diese Version hat einen l\u00e4ndlichen und industriellen Look. Die Struktur dieses Holzes ist sehr einzigartig und kann nicht mit anderen Holzarten verglichen werden. Mangoholz w\u00e4chst relativ schnell und der Stamm dieses Baumes hat oft einen beachtlichen Durchmesser. Das alte Holz wird erst abgeholzt, wenn der Baum keine Fr\u00fcchte mehr tr\u00e4gt und ist daher sehr langlebig.      <\/p>\n","protected":false},"excerpt":{"rendered":"<p>Erleben Sie zeitlosen Stil mit dem runden Tisch &#8220;Oslo&#8221;. Aus hochwertigem Mangoholz gefertigt, verleiht dieser Tisch Ihrer Einrichtung Raffinesse und Charme. Die Tischplatte ist aus massivem Mangoholz gefertigt.  <\/p>\n","protected":false},"featured_media":37390,"comment_status":"open","ping_status":"closed","template":"","meta":{"_acf_changed":false,"leverdatum":""},"product_brand":[],"product_cat":[1508,752,596,549],"product_tag":[754,927],"class_list":{"0":"post-18507","1":"product","2":"type-product","3":"status-publish","4":"has-post-thumbnail","6":"product_cat-blitzverkauf","7":"product_cat-oslo-de","8":"product_cat-runde-tische","9":"product_cat-tische","10":"product_tag-oslo-de","11":"product_tag-schliesen-sie-aus","12":"product_shipping_class-gros","14":"first","15":"instock","16":"taxable","17":"shipping-taxable","18":"purchasable","19":"product-type-simple"},"acf":[],"_links":{"self":[{"href":"https:\/\/oldinn.nl\/de\/wp-json\/wp\/v2\/product\/18507","targetHints":{"allow":["GET"]}}],"collection":[{"href":"https:\/\/oldinn.nl\/de\/wp-json\/wp\/v2\/product"}],"about":[{"href":"https:\/\/oldinn.nl\/de\/wp-json\/wp\/v2\/types\/product"}],"replies":[{"embeddable":true,"href":"https:\/\/oldinn.nl\/de\/wp-json\/wp\/v2\/comments?post=18507"}],"version-history":[{"count":2,"href":"https:\/\/oldinn.nl\/de\/wp-json\/wp\/v2\/product\/18507\/revisions"}],"predecessor-version":[{"id":25891,"href":"https:\/\/oldinn.nl\/de\/wp-json\/wp\/v2\/product\/18507\/revisions\/25891"}],"wp:featuredmedia":[{"embeddable":true,"href":"https:\/\/oldinn.nl\/de\/wp-json\/wp\/v2\/media\/37390"}],"wp:attachment":[{"href":"https:\/\/oldinn.nl\/de\/wp-json\/wp\/v2\/media?parent=18507"}],"wp:term":[{"taxonomy":"product_brand","embeddable":true,"href":"https:\/\/oldinn.nl\/de\/wp-json\/wp\/v2\/product_brand?post=18507"},{"taxonomy":"product_cat","embeddable":true,"href":"https:\/\/oldinn.nl\/de\/wp-json\/wp\/v2\/product_cat?post=18507"},{"taxonomy":"product_tag","embeddable":true,"href":"https:\/\/oldinn.nl\/de\/wp-json\/wp\/v2\/product_tag?post=18507"}],"curies":[{"name":"wp","href":"https:\/\/api.w.org\/{rel}","templated":true}]}}