{"id":18550,"date":"2024-12-21T15:11:24","date_gmt":"2024-12-21T14:11:24","guid":{"rendered":"https:\/\/oldinn.nl\/unkategorisiert\/couchtisch-nizza-2er-set-schwarz\/"},"modified":"2025-04-03T00:33:18","modified_gmt":"2025-04-02T22:33:18","slug":"salontafel-nice-set-van-2-zwart","status":"publish","type":"product","link":"https:\/\/oldinn.nl\/de\/tische\/couchtische\/salontafel-nice-set-van-2-zwart\/","title":{"rendered":"Couchtisch Nizza 2er Set schwarz"},"content":{"rendered":"<p>Der Nice Couchtisch 2er Set schwarz ist eine stilvolle und praktische Erg\u00e4nzung f\u00fcr Ihre Einrichtung. Dieses Set besteht aus zwei unterschiedlich gro\u00dfen Couchtischen, die Sie f\u00fcr einen dynamischen Effekt kombinieren oder separat in verschiedenen Bereichen des Raumes verwenden k\u00f6nnen. Beide Tische haben ein schlichtes schwarzes Design, das sich leicht mit verschiedenen Einrichtungsstilen kombinieren l\u00e4sst, von modern bis industriell.  <\/p>\n<p>Die aus hochwertigen Materialien gefertigten Tische bieten eine robuste Oberfl\u00e4che zum Abstellen von Getr\u00e4nken, Dekorationsgegenst\u00e4nden oder Medienger\u00e4ten. Das minimalistische Design verleiht den Tischen einen eleganten Look, ohne zu viel Platz einzunehmen. Dieses Set eignet sich sowohl f\u00fcr gro\u00dfe als auch f\u00fcr kleinere Wohnzimmer.  <\/p>\n","protected":false},"excerpt":{"rendered":"<p>H\u00fcbsches Couchtisch-Set (2 St\u00fcck) in Schwarz, mit elegantem Design und vielseitiger Anordnung. Stilvoll und praktisch f\u00fcr jedes Wohnzimmer! <\/p>\n","protected":false},"featured_media":20562,"comment_status":"closed","ping_status":"closed","template":"","meta":{"_acf_changed":false,"leverdatum":""},"product_brand":[],"product_cat":[605,1508,549],"product_tag":[],"class_list":{"0":"post-18550","1":"product","2":"type-product","3":"status-publish","4":"has-post-thumbnail","6":"product_cat-couchtische","7":"product_cat-blitzverkauf","8":"product_cat-tische","9":"product_shipping_class-klein-de","11":"first","12":"instock","13":"taxable","14":"shipping-taxable","15":"purchasable","16":"product-type-simple"},"acf":[],"_links":{"self":[{"href":"https:\/\/oldinn.nl\/de\/wp-json\/wp\/v2\/product\/18550","targetHints":{"allow":["GET"]}}],"collection":[{"href":"https:\/\/oldinn.nl\/de\/wp-json\/wp\/v2\/product"}],"about":[{"href":"https:\/\/oldinn.nl\/de\/wp-json\/wp\/v2\/types\/product"}],"replies":[{"embeddable":true,"href":"https:\/\/oldinn.nl\/de\/wp-json\/wp\/v2\/comments?post=18550"}],"version-history":[{"count":4,"href":"https:\/\/oldinn.nl\/de\/wp-json\/wp\/v2\/product\/18550\/revisions"}],"predecessor-version":[{"id":20309,"href":"https:\/\/oldinn.nl\/de\/wp-json\/wp\/v2\/product\/18550\/revisions\/20309"}],"wp:featuredmedia":[{"embeddable":true,"href":"https:\/\/oldinn.nl\/de\/wp-json\/wp\/v2\/media\/20562"}],"wp:attachment":[{"href":"https:\/\/oldinn.nl\/de\/wp-json\/wp\/v2\/media?parent=18550"}],"wp:term":[{"taxonomy":"product_brand","embeddable":true,"href":"https:\/\/oldinn.nl\/de\/wp-json\/wp\/v2\/product_brand?post=18550"},{"taxonomy":"product_cat","embeddable":true,"href":"https:\/\/oldinn.nl\/de\/wp-json\/wp\/v2\/product_cat?post=18550"},{"taxonomy":"product_tag","embeddable":true,"href":"https:\/\/oldinn.nl\/de\/wp-json\/wp\/v2\/product_tag?post=18550"}],"curies":[{"name":"wp","href":"https:\/\/api.w.org\/{rel}","templated":true}]}}