{"id":20032,"date":"2025-01-29T11:26:31","date_gmt":"2025-01-29T10:26:31","guid":{"rendered":"https:\/\/oldinn.nl\/?post_type=product&#038;p=20032"},"modified":"2025-01-30T15:17:14","modified_gmt":"2025-01-30T14:17:14","slug":"eettafel-nancy-160cm","status":"publish","type":"product","link":"https:\/\/oldinn.nl\/de\/tische\/eettafel-nancy-160cm\/","title":{"rendered":"Esstisch Nancy 160cm"},"content":{"rendered":"<p>Der Nancy Esstisch ist ein eleganter und vielseitiger 160 cm langer Tisch, ideal f\u00fcr kleinere R\u00e4ume oder intime Essanl\u00e4sse. Der Tisch besteht aus robustem Mangoholz und ist mit einer Lackierung in einer sch\u00f6nen Walnussfarbe versehen, die ihm einen warmen und luxuri\u00f6sen Look verleiht. Das klare und zeitlose Design mit abgerundeten Ecken und schlanken, stabilen Beinen macht diesen Tisch zu einer perfekten Erg\u00e4nzung f\u00fcr eine Vielzahl von Einrichtungsstilen. Mit einer L\u00e4nge von 160 cm bietet der Tisch bequem Platz f\u00fcr 4 bis 6 Personen und ist damit sowohl f\u00fcr den t\u00e4glichen Gebrauch als auch f\u00fcr besondere Anl\u00e4sse geeignet.   <\/p>\n","protected":false},"excerpt":{"rendered":"<p>Nancy Esstisch aus Mangoholz, lackiert in einer warmen Walnussfarbe. Zeitloses Design mit abgerundeten Ecken und schlanken Beinen. Geeignet f\u00fcr 4-6 Personen.  <\/p>\n","protected":false},"featured_media":19983,"comment_status":"closed","ping_status":"closed","template":"","meta":{"_acf_changed":false,"leverdatum":""},"product_brand":[],"product_cat":[549,1508,642],"product_tag":[],"class_list":{"0":"post-20032","1":"product","2":"type-product","3":"status-publish","4":"has-post-thumbnail","6":"product_cat-tische","7":"product_cat-blitzverkauf","8":"product_cat-esstisch","9":"product_shipping_class-gros","11":"first","12":"instock","13":"taxable","14":"shipping-taxable","15":"purchasable","16":"product-type-simple"},"acf":[],"_links":{"self":[{"href":"https:\/\/oldinn.nl\/de\/wp-json\/wp\/v2\/product\/20032","targetHints":{"allow":["GET"]}}],"collection":[{"href":"https:\/\/oldinn.nl\/de\/wp-json\/wp\/v2\/product"}],"about":[{"href":"https:\/\/oldinn.nl\/de\/wp-json\/wp\/v2\/types\/product"}],"replies":[{"embeddable":true,"href":"https:\/\/oldinn.nl\/de\/wp-json\/wp\/v2\/comments?post=20032"}],"version-history":[{"count":1,"href":"https:\/\/oldinn.nl\/de\/wp-json\/wp\/v2\/product\/20032\/revisions"}],"predecessor-version":[{"id":20033,"href":"https:\/\/oldinn.nl\/de\/wp-json\/wp\/v2\/product\/20032\/revisions\/20033"}],"wp:featuredmedia":[{"embeddable":true,"href":"https:\/\/oldinn.nl\/de\/wp-json\/wp\/v2\/media\/19983"}],"wp:attachment":[{"href":"https:\/\/oldinn.nl\/de\/wp-json\/wp\/v2\/media?parent=20032"}],"wp:term":[{"taxonomy":"product_brand","embeddable":true,"href":"https:\/\/oldinn.nl\/de\/wp-json\/wp\/v2\/product_brand?post=20032"},{"taxonomy":"product_cat","embeddable":true,"href":"https:\/\/oldinn.nl\/de\/wp-json\/wp\/v2\/product_cat?post=20032"},{"taxonomy":"product_tag","embeddable":true,"href":"https:\/\/oldinn.nl\/de\/wp-json\/wp\/v2\/product_tag?post=20032"}],"curies":[{"name":"wp","href":"https:\/\/api.w.org\/{rel}","templated":true}]}}