{"id":20034,"date":"2025-01-29T13:56:00","date_gmt":"2025-01-29T12:56:00","guid":{"rendered":"https:\/\/oldinn.nl\/unkategorisiert\/eettafel-nancy-240cm\/"},"modified":"2025-03-24T07:22:32","modified_gmt":"2025-03-24T06:22:32","slug":"eettafel-nancy-240cm","status":"publish","type":"product","link":"https:\/\/oldinn.nl\/de\/tische\/eettafel-nancy-240cm\/","title":{"rendered":"Esstisch Nancy 240cm"},"content":{"rendered":"<p>Der Nancy Esstisch ist ein gro\u00dfz\u00fcgiger und stilvoller 240 cm langer Tisch, ideal f\u00fcr gro\u00dfe Familien oder Abendessen mit einer gro\u00dfen Gesellschaft. Aus langlebigem Mangoholz gefertigt und mit einer Lackierung in einer warmen Walnussfarbe versehen, strahlt dieser Tisch Luxus und W\u00e4rme aus. Das zeitlose Design mit abgerundeten Ecken und schlanken, stabilen Beinen sorgt daf\u00fcr, dass der Tisch m\u00fchelos in eine Vielzahl von Einrichtungsstilen passt. Mit einer L\u00e4nge von 240 cm bietet der Tisch bequem Platz f\u00fcr 8 bis 10 Personen und eignet sich damit sowohl f\u00fcr den t\u00e4glichen Gebrauch als auch f\u00fcr festliche Anl\u00e4sse.   <\/p>\n","protected":false},"excerpt":{"rendered":"<p>Nancy Esstisch aus Mangoholz, lackiert in einer warmen Walnussfarbe. Zeitloses Design mit abgerundeten Ecken und schlanken Beinen. Geeignet f\u00fcr 8-10 Personen.  <\/p>\n","protected":false},"featured_media":20029,"comment_status":"closed","ping_status":"closed","template":"","meta":{"_acf_changed":false,"leverdatum":""},"product_brand":[],"product_cat":[549,1508,642],"product_tag":[],"class_list":{"0":"post-20034","1":"product","2":"type-product","3":"status-publish","4":"has-post-thumbnail","6":"product_cat-tische","7":"product_cat-blitzverkauf","8":"product_cat-esstisch","9":"product_shipping_class-gros","11":"first","12":"instock","13":"taxable","14":"shipping-taxable","15":"purchasable","16":"product-type-simple"},"acf":[],"_links":{"self":[{"href":"https:\/\/oldinn.nl\/de\/wp-json\/wp\/v2\/product\/20034","targetHints":{"allow":["GET"]}}],"collection":[{"href":"https:\/\/oldinn.nl\/de\/wp-json\/wp\/v2\/product"}],"about":[{"href":"https:\/\/oldinn.nl\/de\/wp-json\/wp\/v2\/types\/product"}],"replies":[{"embeddable":true,"href":"https:\/\/oldinn.nl\/de\/wp-json\/wp\/v2\/comments?post=20034"}],"version-history":[{"count":1,"href":"https:\/\/oldinn.nl\/de\/wp-json\/wp\/v2\/product\/20034\/revisions"}],"predecessor-version":[{"id":26104,"href":"https:\/\/oldinn.nl\/de\/wp-json\/wp\/v2\/product\/20034\/revisions\/26104"}],"wp:featuredmedia":[{"embeddable":true,"href":"https:\/\/oldinn.nl\/de\/wp-json\/wp\/v2\/media\/20029"}],"wp:attachment":[{"href":"https:\/\/oldinn.nl\/de\/wp-json\/wp\/v2\/media?parent=20034"}],"wp:term":[{"taxonomy":"product_brand","embeddable":true,"href":"https:\/\/oldinn.nl\/de\/wp-json\/wp\/v2\/product_brand?post=20034"},{"taxonomy":"product_cat","embeddable":true,"href":"https:\/\/oldinn.nl\/de\/wp-json\/wp\/v2\/product_cat?post=20034"},{"taxonomy":"product_tag","embeddable":true,"href":"https:\/\/oldinn.nl\/de\/wp-json\/wp\/v2\/product_tag?post=20034"}],"curies":[{"name":"wp","href":"https:\/\/api.w.org\/{rel}","templated":true}]}}