{"id":20434,"date":"2025-02-08T14:24:00","date_gmt":"2025-02-08T13:24:00","guid":{"rendered":"https:\/\/oldinn.nl\/unkategorisiert\/eettafel-athene-organisch\/"},"modified":"2025-03-15T19:31:51","modified_gmt":"2025-03-15T18:31:51","slug":"eettafel-athene-organisch","status":"publish","type":"product","link":"https:\/\/oldinn.nl\/de\/tische\/eettafel-athene-organisch\/","title":{"rendered":"Esstisch Athen Bio"},"content":{"rendered":"<p>Der Athens Organic Dining Table kombiniert Handwerkskunst mit einem verspielten, zeitgen\u00f6ssischen Look. Dieser stilvolle Tisch wird mit einer handwerklichen Gipstechnik auf Zementbasis hergestellt, wodurch eine robuste und nahtlose Oberfl\u00e4che entsteht, die in ihrer H\u00e4rte an Naturstein erinnert. Das Ergebnis ist ein elegantes und langlebiges Designerst\u00fcck, das sowohl in moderne als auch in industrielle Interieurs perfekt passt. Dank seiner organisch geformten Platte und dem massiven zylindrischen Fu\u00df strahlt der Tisch Raffinesse und Dynamik aus. Ein echter Blickfang, der m\u00fchelos Funktionalit\u00e4t und kreatives Design verbindet.    <\/p>\n","protected":false},"excerpt":{"rendered":"<p>Handwerklich gefertigter Esstisch mit einer organisch geformten Platte und einem robusten zylindrischen Fu\u00df. Ein einzigartiges Designst\u00fcck, das perfekt in moderne und industrielle Interieurs passt. <\/p>\n","protected":false},"featured_media":44949,"comment_status":"closed","ping_status":"closed","template":"","meta":{"_acf_changed":false,"leverdatum":""},"product_brand":[],"product_cat":[549,629,1508],"product_tag":[],"class_list":{"0":"post-20434","1":"product","2":"type-product","3":"status-publish","4":"has-post-thumbnail","6":"product_cat-tische","7":"product_cat-bio","8":"product_cat-blitzverkauf","9":"product_shipping_class-gros","11":"first","12":"instock","13":"taxable","14":"shipping-taxable","15":"purchasable","16":"product-type-simple"},"acf":[],"_links":{"self":[{"href":"https:\/\/oldinn.nl\/de\/wp-json\/wp\/v2\/product\/20434","targetHints":{"allow":["GET"]}}],"collection":[{"href":"https:\/\/oldinn.nl\/de\/wp-json\/wp\/v2\/product"}],"about":[{"href":"https:\/\/oldinn.nl\/de\/wp-json\/wp\/v2\/types\/product"}],"replies":[{"embeddable":true,"href":"https:\/\/oldinn.nl\/de\/wp-json\/wp\/v2\/comments?post=20434"}],"version-history":[{"count":1,"href":"https:\/\/oldinn.nl\/de\/wp-json\/wp\/v2\/product\/20434\/revisions"}],"predecessor-version":[{"id":20467,"href":"https:\/\/oldinn.nl\/de\/wp-json\/wp\/v2\/product\/20434\/revisions\/20467"}],"wp:featuredmedia":[{"embeddable":true,"href":"https:\/\/oldinn.nl\/de\/wp-json\/wp\/v2\/media\/44949"}],"wp:attachment":[{"href":"https:\/\/oldinn.nl\/de\/wp-json\/wp\/v2\/media?parent=20434"}],"wp:term":[{"taxonomy":"product_brand","embeddable":true,"href":"https:\/\/oldinn.nl\/de\/wp-json\/wp\/v2\/product_brand?post=20434"},{"taxonomy":"product_cat","embeddable":true,"href":"https:\/\/oldinn.nl\/de\/wp-json\/wp\/v2\/product_cat?post=20434"},{"taxonomy":"product_tag","embeddable":true,"href":"https:\/\/oldinn.nl\/de\/wp-json\/wp\/v2\/product_tag?post=20434"}],"curies":[{"name":"wp","href":"https:\/\/api.w.org\/{rel}","templated":true}]}}