{"id":24909,"date":"2025-03-01T12:27:12","date_gmt":"2025-03-01T11:27:12","guid":{"rendered":"https:\/\/oldinn.nl\/unkategorisiert\/eettafel-wenen-organisch-200cm\/"},"modified":"2025-03-08T14:31:24","modified_gmt":"2025-03-08T13:31:24","slug":"eettafel-wenen-organisch-200cm","status":"publish","type":"product","link":"https:\/\/oldinn.nl\/de\/tische\/eettafel-wenen-organisch-200cm\/","title":{"rendered":"Esstisch Vienna organic 200cm"},"content":{"rendered":"<p>Der 200 cm lange Vienna Organic Esstisch ist ein einzigartiges und elegantes M\u00f6belst\u00fcck, das vollst\u00e4ndig aus robustem Mangoholz gefertigt ist. Die organisch geformte Tischplatte in Kombination mit dem gewellten Untergestell verleiht diesem Tisch einen besonderen Look, der jeder Einrichtung W\u00e4rme und Charakter verleiht. Das nat\u00fcrliche Mangoholz mit sichtbarer Maserung strahlt Authentizit\u00e4t und Handwerkskunst aus, w\u00e4hrend die vertikalen Linien am Sockel ein modernes und raffiniertes Detail darstellen. Dieser ger\u00e4umige Tisch eignet sich perfekt f\u00fcr gem\u00fctliche Abendessen und passt m\u00fchelos in moderne, skandinavische oder industrielle Interieurs.   <\/p>\n","protected":false},"excerpt":{"rendered":"<p>200 cm Vienna Organic Esstisch aus Mangoholz mit einzigartigem Wellendesign. Stilvoll, ger\u00e4umig und perfekt f\u00fcr ein modernes Interieur. <\/p>\n","protected":false},"featured_media":24879,"comment_status":"closed","ping_status":"closed","template":"","meta":{"_acf_changed":false,"leverdatum":""},"product_brand":[],"product_cat":[549,629,1508,642],"product_tag":[],"class_list":{"0":"post-24909","1":"product","2":"type-product","3":"status-publish","4":"has-post-thumbnail","6":"product_cat-tische","7":"product_cat-bio","8":"product_cat-blitzverkauf","9":"product_cat-esstisch","10":"product_shipping_class-gros","12":"first","13":"instock","14":"taxable","15":"shipping-taxable","16":"purchasable","17":"product-type-simple"},"acf":[],"_links":{"self":[{"href":"https:\/\/oldinn.nl\/de\/wp-json\/wp\/v2\/product\/24909","targetHints":{"allow":["GET"]}}],"collection":[{"href":"https:\/\/oldinn.nl\/de\/wp-json\/wp\/v2\/product"}],"about":[{"href":"https:\/\/oldinn.nl\/de\/wp-json\/wp\/v2\/types\/product"}],"replies":[{"embeddable":true,"href":"https:\/\/oldinn.nl\/de\/wp-json\/wp\/v2\/comments?post=24909"}],"version-history":[{"count":1,"href":"https:\/\/oldinn.nl\/de\/wp-json\/wp\/v2\/product\/24909\/revisions"}],"predecessor-version":[{"id":25108,"href":"https:\/\/oldinn.nl\/de\/wp-json\/wp\/v2\/product\/24909\/revisions\/25108"}],"wp:featuredmedia":[{"embeddable":true,"href":"https:\/\/oldinn.nl\/de\/wp-json\/wp\/v2\/media\/24879"}],"wp:attachment":[{"href":"https:\/\/oldinn.nl\/de\/wp-json\/wp\/v2\/media?parent=24909"}],"wp:term":[{"taxonomy":"product_brand","embeddable":true,"href":"https:\/\/oldinn.nl\/de\/wp-json\/wp\/v2\/product_brand?post=24909"},{"taxonomy":"product_cat","embeddable":true,"href":"https:\/\/oldinn.nl\/de\/wp-json\/wp\/v2\/product_cat?post=24909"},{"taxonomy":"product_tag","embeddable":true,"href":"https:\/\/oldinn.nl\/de\/wp-json\/wp\/v2\/product_tag?post=24909"}],"curies":[{"name":"wp","href":"https:\/\/api.w.org\/{rel}","templated":true}]}}