{"id":46465,"date":"2025-09-27T18:32:02","date_gmt":"2025-09-27T16:32:02","guid":{"rendered":"https:\/\/oldinn.nl\/unkategorisiert\/salontafel-hamburg-130cm\/"},"modified":"2025-09-27T18:32:02","modified_gmt":"2025-09-27T16:32:02","slug":"salontafel-hamburg-130cm","status":"publish","type":"product","link":"https:\/\/oldinn.nl\/de\/tische\/couchtische\/salontafel-hamburg-130cm\/","title":{"rendered":"Couchtisch Hamburg 130cm"},"content":{"rendered":"<p data-start=\"5872\" data-end=\"6085\">Der Hamburg Couchtisch 130&#215;70 cm ist eine stilvolle Erg\u00e4nzung der Hamburg Serie. Die Platte aus massivem Mangoholz ist in einem warmen Braun lackiert, so dass die Holzmaserung deutlich sichtbar ist. <\/p>\n<p data-start=\"6087\" data-end=\"6383\">Das Gestell besteht aus kreuzweise angeordneten 50 mm dicken Massivholzbeinen, die dem Tisch Stabilit\u00e4t und ein robustes Aussehen verleihen. Dank der ovalen Platte hat der Tisch einen zug\u00e4nglichen und freundlichen Look, der sich sowohl in moderne als auch in l\u00e4ndliche Wohnzimmer einf\u00fcgt. <\/p>\n","protected":false},"excerpt":{"rendered":"<p>Der Hamburg Couchtisch 130&#215;70 cm bringt k\u00fchles und warmes Design in das Wohnzimmer. Die d\u00e4nische ovale Platte aus Mangoholz ruht auf gekreuzten Beinen und bildet ein stilvolles Herzst\u00fcck. <\/p>\n","protected":false},"featured_media":45137,"comment_status":"open","ping_status":"closed","template":"","meta":{"_acf_changed":false,"leverdatum":""},"product_brand":[],"product_cat":[1508,605,549,1504],"product_tag":[],"class_list":{"0":"post-46465","1":"product","2":"type-product","3":"status-publish","4":"has-post-thumbnail","6":"product_cat-blitzverkauf","7":"product_cat-couchtische","8":"product_cat-tische","9":"product_cat-vorbestellung","10":"product_shipping_class-klein-de","12":"first","13":"instock","14":"taxable","15":"shipping-taxable","16":"purchasable","17":"product-type-simple"},"acf":[],"_links":{"self":[{"href":"https:\/\/oldinn.nl\/de\/wp-json\/wp\/v2\/product\/46465","targetHints":{"allow":["GET"]}}],"collection":[{"href":"https:\/\/oldinn.nl\/de\/wp-json\/wp\/v2\/product"}],"about":[{"href":"https:\/\/oldinn.nl\/de\/wp-json\/wp\/v2\/types\/product"}],"replies":[{"embeddable":true,"href":"https:\/\/oldinn.nl\/de\/wp-json\/wp\/v2\/comments?post=46465"}],"version-history":[{"count":0,"href":"https:\/\/oldinn.nl\/de\/wp-json\/wp\/v2\/product\/46465\/revisions"}],"wp:featuredmedia":[{"embeddable":true,"href":"https:\/\/oldinn.nl\/de\/wp-json\/wp\/v2\/media\/45137"}],"wp:attachment":[{"href":"https:\/\/oldinn.nl\/de\/wp-json\/wp\/v2\/media?parent=46465"}],"wp:term":[{"taxonomy":"product_brand","embeddable":true,"href":"https:\/\/oldinn.nl\/de\/wp-json\/wp\/v2\/product_brand?post=46465"},{"taxonomy":"product_cat","embeddable":true,"href":"https:\/\/oldinn.nl\/de\/wp-json\/wp\/v2\/product_cat?post=46465"},{"taxonomy":"product_tag","embeddable":true,"href":"https:\/\/oldinn.nl\/de\/wp-json\/wp\/v2\/product_tag?post=46465"}],"curies":[{"name":"wp","href":"https:\/\/api.w.org\/{rel}","templated":true}]}}