{"id":46471,"date":"2025-09-27T18:32:00","date_gmt":"2025-09-27T16:32:00","guid":{"rendered":"https:\/\/oldinn.nl\/unkategorisiert\/eettafel-hamburg-150cm\/"},"modified":"2025-09-27T18:32:00","modified_gmt":"2025-09-27T16:32:00","slug":"eettafel-hamburg-150cm","status":"publish","type":"product","link":"https:\/\/oldinn.nl\/de\/tische\/runde-tische\/eettafel-hamburg-150cm\/","title":{"rendered":"Esstisch Hamburg 150cm"},"content":{"rendered":"<p data-start=\"4895\" data-end=\"5160\">Der Hamburg Esstisch \u00d8150 cm ist gro\u00dfz\u00fcgig und dennoch freundlich in der Form. Die runde Platte aus massivem Mangoholz in brauner Ausf\u00fchrung bringt die Holzstruktur sch\u00f6n zur Geltung. Das robuste Untergestell besteht aus 50 mm dicken Querbeinen, die dem Tisch Kraft und Stabilit\u00e4t verleihen.  <\/p>\n<p data-start=\"5162\" data-end=\"5333\">Die runde Form l\u00e4dt zum gem\u00fctlichen Essen ein und schafft eine intime Atmosph\u00e4re, selbst mit 6 Personen. Eine perfekte Balance zwischen W\u00e4rme, St\u00e4rke und skandinavischer Schlichtheit. <\/p>\n","protected":false},"excerpt":{"rendered":"<p>Der Hamburg Esstisch \u00d8150 cm bietet Platz f\u00fcr 6 Personen. Mit einer runden Platte aus massivem Mangoholz und robusten Querbeinen kombiniert dieser Tisch W\u00e4rme mit kraftvollem Design. <\/p>\n","protected":false},"featured_media":45013,"comment_status":"open","ping_status":"closed","template":"","meta":{"_acf_changed":false,"leverdatum":""},"product_brand":[],"product_cat":[1508,596,549,1504],"product_tag":[],"class_list":{"0":"post-46471","1":"product","2":"type-product","3":"status-publish","4":"has-post-thumbnail","6":"product_cat-blitzverkauf","7":"product_cat-runde-tische","8":"product_cat-tische","9":"product_cat-vorbestellung","10":"product_shipping_class-gros","12":"first","13":"instock","14":"taxable","15":"shipping-taxable","16":"purchasable","17":"product-type-simple"},"acf":[],"_links":{"self":[{"href":"https:\/\/oldinn.nl\/de\/wp-json\/wp\/v2\/product\/46471","targetHints":{"allow":["GET"]}}],"collection":[{"href":"https:\/\/oldinn.nl\/de\/wp-json\/wp\/v2\/product"}],"about":[{"href":"https:\/\/oldinn.nl\/de\/wp-json\/wp\/v2\/types\/product"}],"replies":[{"embeddable":true,"href":"https:\/\/oldinn.nl\/de\/wp-json\/wp\/v2\/comments?post=46471"}],"version-history":[{"count":0,"href":"https:\/\/oldinn.nl\/de\/wp-json\/wp\/v2\/product\/46471\/revisions"}],"wp:featuredmedia":[{"embeddable":true,"href":"https:\/\/oldinn.nl\/de\/wp-json\/wp\/v2\/media\/45013"}],"wp:attachment":[{"href":"https:\/\/oldinn.nl\/de\/wp-json\/wp\/v2\/media?parent=46471"}],"wp:term":[{"taxonomy":"product_brand","embeddable":true,"href":"https:\/\/oldinn.nl\/de\/wp-json\/wp\/v2\/product_brand?post=46471"},{"taxonomy":"product_cat","embeddable":true,"href":"https:\/\/oldinn.nl\/de\/wp-json\/wp\/v2\/product_cat?post=46471"},{"taxonomy":"product_tag","embeddable":true,"href":"https:\/\/oldinn.nl\/de\/wp-json\/wp\/v2\/product_tag?post=46471"}],"curies":[{"name":"wp","href":"https:\/\/api.w.org\/{rel}","templated":true}]}}