{"id":46473,"date":"2025-09-27T18:32:00","date_gmt":"2025-09-27T16:32:00","guid":{"rendered":"https:\/\/oldinn.nl\/unkategorisiert\/eettafel-hamburg-130cm\/"},"modified":"2025-09-27T18:32:00","modified_gmt":"2025-09-27T16:32:00","slug":"eettafel-hamburg-130cm","status":"publish","type":"product","link":"https:\/\/oldinn.nl\/de\/tische\/runde-tische\/eettafel-hamburg-130cm\/","title":{"rendered":"Esstisch Hamburg 130cm"},"content":{"rendered":"<p data-start=\"3884\" data-end=\"4091\">Der Hamburg Esstisch \u00d8130 cm kombiniert kompaktes Design mit einem robusten Look. Die runde Platte aus massivem Mangoholz ist in einem warmen Braun lackiert, das die Holzmaserung sch\u00f6n zur Geltung bringt. <\/p>\n<p data-start=\"4093\" data-end=\"4351\">Das Gestell besteht aus robusten, kreuzweise angeordneten 50 mm dicken Holzbeinen, die f\u00fcr Stabilit\u00e4t und Festigkeit sorgen. Mit Platz f\u00fcr 4 Personen und einer runden Form, die Intimit\u00e4t und Gem\u00fctlichkeit schafft, ist dies ein idealer Tisch f\u00fcr gem\u00fctliche Esszimmer. <\/p>\n","protected":false},"excerpt":{"rendered":"<p>Der Hamburg Esstisch \u00d8130 cm ist ein gem\u00fctlicher runder Tisch f\u00fcr 4 Personen. Die Platte aus massivem Mangoholz ruht auf stabilen Querbeinen und strahlt W\u00e4rme und Stabilit\u00e4t aus. <\/p>\n","protected":false},"featured_media":45013,"comment_status":"open","ping_status":"closed","template":"","meta":{"_acf_changed":false,"leverdatum":""},"product_brand":[],"product_cat":[1508,596,549,1504],"product_tag":[],"class_list":{"0":"post-46473","1":"product","2":"type-product","3":"status-publish","4":"has-post-thumbnail","6":"product_cat-blitzverkauf","7":"product_cat-runde-tische","8":"product_cat-tische","9":"product_cat-vorbestellung","10":"product_shipping_class-gros","12":"first","13":"instock","14":"taxable","15":"shipping-taxable","16":"purchasable","17":"product-type-simple"},"acf":[],"_links":{"self":[{"href":"https:\/\/oldinn.nl\/de\/wp-json\/wp\/v2\/product\/46473","targetHints":{"allow":["GET"]}}],"collection":[{"href":"https:\/\/oldinn.nl\/de\/wp-json\/wp\/v2\/product"}],"about":[{"href":"https:\/\/oldinn.nl\/de\/wp-json\/wp\/v2\/types\/product"}],"replies":[{"embeddable":true,"href":"https:\/\/oldinn.nl\/de\/wp-json\/wp\/v2\/comments?post=46473"}],"version-history":[{"count":0,"href":"https:\/\/oldinn.nl\/de\/wp-json\/wp\/v2\/product\/46473\/revisions"}],"wp:featuredmedia":[{"embeddable":true,"href":"https:\/\/oldinn.nl\/de\/wp-json\/wp\/v2\/media\/45013"}],"wp:attachment":[{"href":"https:\/\/oldinn.nl\/de\/wp-json\/wp\/v2\/media?parent=46473"}],"wp:term":[{"taxonomy":"product_brand","embeddable":true,"href":"https:\/\/oldinn.nl\/de\/wp-json\/wp\/v2\/product_brand?post=46473"},{"taxonomy":"product_cat","embeddable":true,"href":"https:\/\/oldinn.nl\/de\/wp-json\/wp\/v2\/product_cat?post=46473"},{"taxonomy":"product_tag","embeddable":true,"href":"https:\/\/oldinn.nl\/de\/wp-json\/wp\/v2\/product_tag?post=46473"}],"curies":[{"name":"wp","href":"https:\/\/api.w.org\/{rel}","templated":true}]}}