{"id":20918,"date":"2024-03-28T13:03:46","date_gmt":"2024-03-28T12:03:46","guid":{"rendered":"https:\/\/oldinn.nl\/vacatures\/"},"modified":"2025-02-17T11:31:57","modified_gmt":"2025-02-17T10:31:57","slug":"vacatures","status":"publish","type":"page","link":"https:\/\/oldinn.nl\/fr\/vacatures\/","title":{"rendered":"Postes vacants"},"content":{"rendered":"\t\t<div data-elementor-type=\"wp-page\" data-elementor-id=\"20918\" class=\"elementor elementor-20918 elementor-4485\" data-elementor-post-type=\"page\">\n\t\t\t\t<div class=\"wd-negative-gap elementor-element elementor-element-49cd3da e-flex e-con-boxed e-con e-parent\" data-id=\"49cd3da\" data-element_type=\"container\" data-e-type=\"container\">\n\t\t\t\t\t<div class=\"e-con-inner\">\n\t\t\t\t<div class=\"elementor-element elementor-element-f7c33f2 elementor-widget elementor-widget-heading\" data-id=\"f7c33f2\" data-element_type=\"widget\" data-e-type=\"widget\" data-widget_type=\"heading.default\">\n\t\t\t\t<div class=\"elementor-widget-container\">\n\t\t\t\t\t<h1 class=\"elementor-heading-title elementor-size-default\">Postes vacants<\/h1>\t\t\t\t<\/div>\n\t\t\t\t<\/div>\n\t\t\t\t<div class=\"elementor-element elementor-element-2e917e4 elementor-widget elementor-widget-wd_text_block\" data-id=\"2e917e4\" data-element_type=\"widget\" data-e-type=\"widget\" data-widget_type=\"wd_text_block.default\">\n\t\t\t\t<div class=\"elementor-widget-container\">\n\t\t\t\t\t\t\t<div class=\"wd-text-block reset-last-child text-left\">\n\t\t\t\n\t\t\t<h3><strong>Poste vacant : <\/strong>Chauffeur et chauffeur adjoint (livraison de meubles)<\/h3><p><strong>Emploi : <\/strong>temps plein\/temps partiel<\/p><p><strong><br>Description de l'entreprise :<\/strong>Old Inn Wonen livre avec soin des meubles de haute qualit\u00e9, principalement des tables, au domicile des clients.<strong><\/strong><\/p><p><strong><br>Chauffeur :<\/strong>Vous livrez des meubles aux clients en toute s\u00e9curit\u00e9 et \u00e0 temps, en fournissant un excellent service et en gardant le camion en ordre.<strong><\/strong><\/p><p><strong>Exigences :<\/strong><\/p><ul><li>Permis de conduire B (C est un plus).<\/li><li>Exp\u00e9rience du conducteur.<\/li><li>Vous \u00eates physiquement fort, orient\u00e9 vers le client et ponctuel.<\/li><\/ul><p><strong><br>Chauffeur adjoint :<\/strong>vous aiderez \u00e0 charger, d\u00e9charger et installer les meubles.<strong><\/strong><\/p><p><strong>Exigences :<\/strong><\/p><ul><li>Vous \u00eates physiquement fort, vous \u00eates orient\u00e9 vers le client et vous avez l'esprit d'\u00e9quipe.<\/li><li>Une exp\u00e9rience dans le domaine de l'ameublement est un plus.<\/li><\/ul><p><strong>Nous vous proposons :<\/strong><\/p><ul><li>Environnement de travail convivial.<\/li><li>Salaire bas\u00e9 sur le march\u00e9.<\/li><li>Croissance professionnelle.<\/li><\/ul><p><strong><br>Pour postuler :<\/strong>envoyez votre CV et votre motivation \u00e0 <strong> <a href=\"mailto:dirkshorn@oldinn.nl\">dirkshorn@oldinn.nl.<\/a><\/strong><\/p>\n\t\t\t\t\t<\/div>\n\t\t\t\t\t\t<\/div>\n\t\t\t\t<\/div>\n\t\t\t\t\t<\/div>\n\t\t\t\t<\/div>\n\t\t\t\t<\/div>\n\t\t","protected":false},"excerpt":{"rendered":"<p>Postes vacants Poste vacant : Chauffeur et chauffeur adjoint (livraison de meubles) Emploi : temps plein\/temps partiel Description de l&#8217;entreprise<\/p>\n","protected":false},"author":901,"featured_media":0,"parent":0,"menu_order":0,"comment_status":"closed","ping_status":"closed","template":"","meta":{"_acf_changed":false,"leverdatum":"","footnotes":""},"class_list":["post-20918","page","type-page","status-publish","hentry"],"acf":[],"_links":{"self":[{"href":"https:\/\/oldinn.nl\/fr\/wp-json\/wp\/v2\/pages\/20918","targetHints":{"allow":["GET"]}}],"collection":[{"href":"https:\/\/oldinn.nl\/fr\/wp-json\/wp\/v2\/pages"}],"about":[{"href":"https:\/\/oldinn.nl\/fr\/wp-json\/wp\/v2\/types\/page"}],"author":[{"embeddable":true,"href":"https:\/\/oldinn.nl\/fr\/wp-json\/wp\/v2\/users\/901"}],"replies":[{"embeddable":true,"href":"https:\/\/oldinn.nl\/fr\/wp-json\/wp\/v2\/comments?post=20918"}],"version-history":[{"count":1,"href":"https:\/\/oldinn.nl\/fr\/wp-json\/wp\/v2\/pages\/20918\/revisions"}],"predecessor-version":[{"id":20926,"href":"https:\/\/oldinn.nl\/fr\/wp-json\/wp\/v2\/pages\/20918\/revisions\/20926"}],"wp:attachment":[{"href":"https:\/\/oldinn.nl\/fr\/wp-json\/wp\/v2\/media?parent=20918"}],"curies":[{"name":"wp","href":"https:\/\/api.w.org\/{rel}","templated":true}]}}