{"id":21125,"date":"2024-03-07T16:07:09","date_gmt":"2024-03-07T15:07:09","guid":{"rendered":"https:\/\/oldinn.nl\/non%20class\u00e9\/eetkamertafel-mango-organisch-druppel-walnoot-met-spinpoot\/"},"modified":"2025-03-07T14:04:59","modified_gmt":"2025-03-07T13:04:59","slug":"eetkamertafel-mango-organisch-druppel-walnoot-met-spinpoot","status":"publish","type":"product","link":"https:\/\/oldinn.nl\/fr\/tableaux\/biologique\/eetkamertafel-mango-organisch-druppel-walnoot-met-spinpoot\/","title":{"rendered":"Table de salle \u00e0 manger mango organic Drop walnut avec pied spin"},"content":{"rendered":"<p>Magnifique table de salle \u00e0 manger organique en bois de manguier de couleur noyer. La table de salle \u00e0 manger est dot\u00e9e d&#8217;un plateau en bois de manguier au design organique en forme de goutte d&#8217;eau. Cela donne \u00e0 la table un aspect moderne et contemporain. Les pieds noirs donnent \u00e0 la table un aspect robuste. La table de salle \u00e0 manger en bois de manguier organique s&#8217;int\u00e8gre donc parfaitement dans un int\u00e9rieur moderne et contemporain !    <\/p>\n<p>Commandez votre table \u00e0 manger directement en ligne ou passez \u00e0 notre salle d&#8217;exposition ! Le bois de manguier est tr\u00e8s tendance en ce moment. Cette version a un aspect rural et industriel. La structure de ce bois est tr\u00e8s unique et ne peut \u00eatre compar\u00e9e \u00e0 d&#8217;autres types de bois. Le bois de manguier pousse relativement vite et le tronc de cet arbre a souvent un diam\u00e8tre consid\u00e9rable. Le vieux bois n&#8217;est coup\u00e9 que lorsque l&#8217;arbre ne porte plus de fruits et est donc tr\u00e8s durable.     <\/p>\n","protected":false},"excerpt":{"rendered":"<p>Magnifique table de salle \u00e0 manger organique en bois de manguier de couleur noyer. Le plateau de la table est en bois de manguier massif. <\/p>\n","protected":false},"featured_media":21127,"comment_status":"open","ping_status":"closed","template":"","meta":{"_acf_changed":false,"leverdatum":""},"product_brand":[],"product_cat":[1017,1507],"product_tag":[1018],"class_list":{"0":"post-21125","1":"product","2":"type-product","3":"status-publish","4":"has-post-thumbnail","6":"product_cat-biologique","7":"product_cat-vente-flash","8":"product_tag-table-a-manger","9":"product_shipping_class-grandes-dimensions","11":"first","12":"instock","13":"taxable","14":"shipping-taxable","15":"purchasable","16":"product-type-simple"},"acf":[],"_links":{"self":[{"href":"https:\/\/oldinn.nl\/fr\/wp-json\/wp\/v2\/product\/21125","targetHints":{"allow":["GET"]}}],"collection":[{"href":"https:\/\/oldinn.nl\/fr\/wp-json\/wp\/v2\/product"}],"about":[{"href":"https:\/\/oldinn.nl\/fr\/wp-json\/wp\/v2\/types\/product"}],"replies":[{"embeddable":true,"href":"https:\/\/oldinn.nl\/fr\/wp-json\/wp\/v2\/comments?post=21125"}],"version-history":[{"count":1,"href":"https:\/\/oldinn.nl\/fr\/wp-json\/wp\/v2\/product\/21125\/revisions"}],"predecessor-version":[{"id":25248,"href":"https:\/\/oldinn.nl\/fr\/wp-json\/wp\/v2\/product\/21125\/revisions\/25248"}],"wp:featuredmedia":[{"embeddable":true,"href":"https:\/\/oldinn.nl\/fr\/wp-json\/wp\/v2\/media\/21127"}],"wp:attachment":[{"href":"https:\/\/oldinn.nl\/fr\/wp-json\/wp\/v2\/media?parent=21125"}],"wp:term":[{"taxonomy":"product_brand","embeddable":true,"href":"https:\/\/oldinn.nl\/fr\/wp-json\/wp\/v2\/product_brand?post=21125"},{"taxonomy":"product_cat","embeddable":true,"href":"https:\/\/oldinn.nl\/fr\/wp-json\/wp\/v2\/product_cat?post=21125"},{"taxonomy":"product_tag","embeddable":true,"href":"https:\/\/oldinn.nl\/fr\/wp-json\/wp\/v2\/product_tag?post=21125"}],"curies":[{"name":"wp","href":"https:\/\/api.w.org\/{rel}","templated":true}]}}