{"id":21556,"date":"2024-03-07T13:53:33","date_gmt":"2024-03-07T12:53:33","guid":{"rendered":"https:\/\/oldinn.nl\/non%20class\u00e9\/eetkamertafel-oslo-ovaal-bruin-200cm\/"},"modified":"2025-03-14T11:30:14","modified_gmt":"2025-03-14T10:30:14","slug":"eetkamertafel-oslo-ovaal-bruin-200cm","status":"publish","type":"product","link":"https:\/\/oldinn.nl\/fr\/oslo-fr\/eetkamertafel-oslo-ovaal-bruin-200cm\/","title":{"rendered":"Table de salle \u00e0 manger Oslo ovale Brown 200cm"},"content":{"rendered":"<p>La table \u00e0 manger Oslo est une magnifique table \u00e0 manger ovale en bois de manguier de couleur marron. La table de salle \u00e0 manger ovale a une longueur de 200 cm. Outre le plateau ovale, la table de salle \u00e0 manger Oslo poss\u00e8de \u00e9galement un pied ovale en bois de manguier. Cela vous permet de placer encore plus de chaises de salle \u00e0 manger sur cette table de salle \u00e0 manger sp\u00e9ciale et magnifique. Comme la table a une finition rustique et qu&#8217;elle a ensuite \u00e9t\u00e9 color\u00e9e en brun, elle donne \u00e0 votre int\u00e9rieur un aspect chic mais aussi chaleureux ! Compl\u00e9tez votre int\u00e9rieur avec une table basse assortie de notre s\u00e9rie Olso. Commandez la table de salle \u00e0 manger Oslo directement en ligne ou passez nous voir dans notre showroom ! Le bois de manguier est tr\u00e8s tendance en ce moment. Cette version a un aspect rural et industriel. La structure de ce bois est tr\u00e8s unique et ne peut \u00eatre compar\u00e9e \u00e0 d&#8217;autres types de bois. Le bois de manguier pousse relativement vite et le tronc de cet arbre a souvent un diam\u00e8tre consid\u00e9rable. Le vieux bois n&#8217;est coup\u00e9 que lorsque l&#8217;arbre ne porte plus de fruits et est donc tr\u00e8s durable.           <\/p>\n","protected":false},"excerpt":{"rendered":"<p>D\u00e9couvrez l&#8217;\u00e9l\u00e9gance intemporelle de la table ovale &#8220;Oslo&#8221;. Fabriqu\u00e9e en bois de manguier soigneusement s\u00e9lectionn\u00e9, cette table conf\u00e8re une touche de sophistication \u00e0 votre int\u00e9rieur. Le plateau de la table est en bois de manguier massif.  <\/p>\n","protected":false},"featured_media":21566,"comment_status":"open","ping_status":"closed","template":"","meta":{"_acf_changed":false,"leverdatum":""},"product_brand":[],"product_cat":[1147,1030,1507],"product_tag":[1148],"class_list":{"0":"post-21556","1":"product","2":"type-product","3":"status-publish","4":"has-post-thumbnail","6":"product_cat-oslo-fr","7":"product_cat-tableaux","8":"product_cat-vente-flash","9":"product_tag-oslo-fr","10":"product_shipping_class-grandes-dimensions","12":"first","13":"instock","14":"taxable","15":"shipping-taxable","16":"purchasable","17":"product-type-simple"},"acf":[],"_links":{"self":[{"href":"https:\/\/oldinn.nl\/fr\/wp-json\/wp\/v2\/product\/21556","targetHints":{"allow":["GET"]}}],"collection":[{"href":"https:\/\/oldinn.nl\/fr\/wp-json\/wp\/v2\/product"}],"about":[{"href":"https:\/\/oldinn.nl\/fr\/wp-json\/wp\/v2\/types\/product"}],"replies":[{"embeddable":true,"href":"https:\/\/oldinn.nl\/fr\/wp-json\/wp\/v2\/comments?post=21556"}],"version-history":[{"count":1,"href":"https:\/\/oldinn.nl\/fr\/wp-json\/wp\/v2\/product\/21556\/revisions"}],"predecessor-version":[{"id":23946,"href":"https:\/\/oldinn.nl\/fr\/wp-json\/wp\/v2\/product\/21556\/revisions\/23946"}],"wp:featuredmedia":[{"embeddable":true,"href":"https:\/\/oldinn.nl\/fr\/wp-json\/wp\/v2\/media\/21566"}],"wp:attachment":[{"href":"https:\/\/oldinn.nl\/fr\/wp-json\/wp\/v2\/media?parent=21556"}],"wp:term":[{"taxonomy":"product_brand","embeddable":true,"href":"https:\/\/oldinn.nl\/fr\/wp-json\/wp\/v2\/product_brand?post=21556"},{"taxonomy":"product_cat","embeddable":true,"href":"https:\/\/oldinn.nl\/fr\/wp-json\/wp\/v2\/product_cat?post=21556"},{"taxonomy":"product_tag","embeddable":true,"href":"https:\/\/oldinn.nl\/fr\/wp-json\/wp\/v2\/product_tag?post=21556"}],"curies":[{"name":"wp","href":"https:\/\/api.w.org\/{rel}","templated":true}]}}