{"id":22093,"date":"2025-01-29T14:03:32","date_gmt":"2025-01-29T13:03:32","guid":{"rendered":"https:\/\/oldinn.nl\/non%20class\u00e9\/salontafel-set-van-3-oslo-zwart\/"},"modified":"2025-03-24T07:22:37","modified_gmt":"2025-03-24T06:22:37","slug":"salontafel-set-van-3-oslo-zwart","status":"publish","type":"product","link":"https:\/\/oldinn.nl\/fr\/tableaux\/salontafel-set-van-3-oslo-zwart\/","title":{"rendered":"Table basse set de 3 Oslo Black"},"content":{"rendered":"<p>L&#8217;ensemble de tables basses Oslo en noir est un ajout \u00e9l\u00e9gant et moderne \u00e0 votre int\u00e9rieur. Cet ensemble se compose de trois tables en bois de manguier durable avec une finition noire \u00e9l\u00e9gante, cr\u00e9ant un look intemporel et \u00e9l\u00e9gant. Le design avec des plateaux de table ronds et des pieds effil\u00e9s offre un look contemporain qui s&#8217;accorde parfaitement avec les styles de vie industriels et modernes. Ces tables peuvent \u00eatre plac\u00e9es ensemble pour un look ludique ou utilis\u00e9es s\u00e9par\u00e9ment comme tables d&#8217;appoint. La combinaison de la fonctionnalit\u00e9 et du design fait de cet ensemble un choix id\u00e9al pour tout int\u00e9rieur.    <\/p>\n","protected":false},"excerpt":{"rendered":"<p>Set de 3 tables basses Oslo en bois de manguier noir. Design moderne avec des plateaux de table ronds et des pieds effil\u00e9s. \u00c9l\u00e9gant et polyvalent.  <\/p>\n","protected":false},"featured_media":22095,"comment_status":"closed","ping_status":"closed","template":"","meta":{"_acf_changed":false,"leverdatum":""},"product_brand":[],"product_cat":[1030,969,1507],"product_tag":[],"class_list":{"0":"post-22093","1":"product","2":"type-product","3":"status-publish","4":"has-post-thumbnail","6":"product_cat-tableaux","7":"product_cat-tables-basses","8":"product_cat-vente-flash","9":"product_shipping_class-petit","11":"first","12":"instock","13":"taxable","14":"shipping-taxable","15":"purchasable","16":"product-type-simple"},"acf":[],"_links":{"self":[{"href":"https:\/\/oldinn.nl\/fr\/wp-json\/wp\/v2\/product\/22093","targetHints":{"allow":["GET"]}}],"collection":[{"href":"https:\/\/oldinn.nl\/fr\/wp-json\/wp\/v2\/product"}],"about":[{"href":"https:\/\/oldinn.nl\/fr\/wp-json\/wp\/v2\/types\/product"}],"replies":[{"embeddable":true,"href":"https:\/\/oldinn.nl\/fr\/wp-json\/wp\/v2\/comments?post=22093"}],"version-history":[{"count":1,"href":"https:\/\/oldinn.nl\/fr\/wp-json\/wp\/v2\/product\/22093\/revisions"}],"predecessor-version":[{"id":26111,"href":"https:\/\/oldinn.nl\/fr\/wp-json\/wp\/v2\/product\/22093\/revisions\/26111"}],"wp:featuredmedia":[{"embeddable":true,"href":"https:\/\/oldinn.nl\/fr\/wp-json\/wp\/v2\/media\/22095"}],"wp:attachment":[{"href":"https:\/\/oldinn.nl\/fr\/wp-json\/wp\/v2\/media?parent=22093"}],"wp:term":[{"taxonomy":"product_brand","embeddable":true,"href":"https:\/\/oldinn.nl\/fr\/wp-json\/wp\/v2\/product_brand?post=22093"},{"taxonomy":"product_cat","embeddable":true,"href":"https:\/\/oldinn.nl\/fr\/wp-json\/wp\/v2\/product_cat?post=22093"},{"taxonomy":"product_tag","embeddable":true,"href":"https:\/\/oldinn.nl\/fr\/wp-json\/wp\/v2\/product_tag?post=22093"}],"curies":[{"name":"wp","href":"https:\/\/api.w.org\/{rel}","templated":true}]}}