{"id":22419,"date":"2024-12-07T13:02:07","date_gmt":"2024-12-07T12:02:07","guid":{"rendered":"https:\/\/oldinn.nl\/non%20class\u00e9\/salontafel-nice-set-van-2-bruin\/"},"modified":"2025-04-03T00:34:05","modified_gmt":"2025-04-02T22:34:05","slug":"salontafel-nice-set-van-2-bruin","status":"publish","type":"product","link":"https:\/\/oldinn.nl\/fr\/tableaux\/tables-basses\/salontafel-nice-set-van-2-bruin\/","title":{"rendered":"Belle table basse set of 2 brown"},"content":{"rendered":"<p>La table basse Nice Set of 2 Black est un ajout \u00e9l\u00e9gant et pratique \u00e0 votre int\u00e9rieur. Cet ensemble se compose de deux tables basses de tailles diff\u00e9rentes, ce qui vous permet de les combiner pour obtenir un effet dynamique ou de les utiliser s\u00e9par\u00e9ment dans diff\u00e9rentes parties de la pi\u00e8ce. Les deux tables ont un design noir \u00e9l\u00e9gant qui peut facilement \u00eatre combin\u00e9 avec diff\u00e9rents styles d&#8217;int\u00e9rieur, du moderne \u00e0 l&#8217;industriel.  <\/p>\n<p>Fabriqu\u00e9es dans des mat\u00e9riaux de haute qualit\u00e9, les tables offrent une surface solide pour poser des boissons, des objets d\u00e9coratifs ou des \u00e9quipements multim\u00e9dias. Le design minimaliste conf\u00e8re aux tables un aspect \u00e9l\u00e9gant sans prendre trop de place. Cet ensemble est id\u00e9al pour les grands et les petits salons.  <\/p>\n","protected":false},"excerpt":{"rendered":"<p>Joli ensemble de 2 tables basses en marron, au design \u00e9pur\u00e9 et \u00e0 l&#8217;agencement polyvalent. \u00c9l\u00e9gant et pratique pour tout salon ! <\/p>\n","protected":false},"featured_media":22421,"comment_status":"closed","ping_status":"closed","template":"","meta":{"_acf_changed":false,"leverdatum":""},"product_brand":[],"product_cat":[969,1030,1507],"product_tag":[],"class_list":{"0":"post-22419","1":"product","2":"type-product","3":"status-publish","4":"has-post-thumbnail","6":"product_cat-tables-basses","7":"product_cat-tableaux","8":"product_cat-vente-flash","9":"product_shipping_class-petit","11":"first","12":"instock","13":"taxable","14":"shipping-taxable","15":"purchasable","16":"product-type-simple"},"acf":[],"_links":{"self":[{"href":"https:\/\/oldinn.nl\/fr\/wp-json\/wp\/v2\/product\/22419","targetHints":{"allow":["GET"]}}],"collection":[{"href":"https:\/\/oldinn.nl\/fr\/wp-json\/wp\/v2\/product"}],"about":[{"href":"https:\/\/oldinn.nl\/fr\/wp-json\/wp\/v2\/types\/product"}],"replies":[{"embeddable":true,"href":"https:\/\/oldinn.nl\/fr\/wp-json\/wp\/v2\/comments?post=22419"}],"version-history":[{"count":1,"href":"https:\/\/oldinn.nl\/fr\/wp-json\/wp\/v2\/product\/22419\/revisions"}],"predecessor-version":[{"id":25157,"href":"https:\/\/oldinn.nl\/fr\/wp-json\/wp\/v2\/product\/22419\/revisions\/25157"}],"wp:featuredmedia":[{"embeddable":true,"href":"https:\/\/oldinn.nl\/fr\/wp-json\/wp\/v2\/media\/22421"}],"wp:attachment":[{"href":"https:\/\/oldinn.nl\/fr\/wp-json\/wp\/v2\/media?parent=22419"}],"wp:term":[{"taxonomy":"product_brand","embeddable":true,"href":"https:\/\/oldinn.nl\/fr\/wp-json\/wp\/v2\/product_brand?post=22419"},{"taxonomy":"product_cat","embeddable":true,"href":"https:\/\/oldinn.nl\/fr\/wp-json\/wp\/v2\/product_cat?post=22419"},{"taxonomy":"product_tag","embeddable":true,"href":"https:\/\/oldinn.nl\/fr\/wp-json\/wp\/v2\/product_tag?post=22419"}],"curies":[{"name":"wp","href":"https:\/\/api.w.org\/{rel}","templated":true}]}}