{"id":23147,"date":"2024-06-08T11:42:18","date_gmt":"2024-06-08T09:42:18","guid":{"rendered":"https:\/\/oldinn.nl\/non%20class\u00e9\/eetkamertafel-luca-200cm-zwart\/"},"modified":"2025-03-17T20:55:31","modified_gmt":"2025-03-17T19:55:31","slug":"eetkamertafel-luca-200cm-zwart","status":"publish","type":"product","link":"https:\/\/oldinn.nl\/fr\/tableaux\/tables-ovales\/eetkamertafel-luca-200cm-zwart\/","title":{"rendered":"Table \u00e0 manger Luca 200cm noir"},"content":{"rendered":"<p>La table de salle \u00e0 manger Luca est un magnifique meuble qui conf\u00e8re \u00e0 toute salle \u00e0 manger un aspect \u00e9l\u00e9gant et moderne. Fabriqu\u00e9e en bois de manguier de haute qualit\u00e9, cette table a une forme ovale danoise unique et mesure 200 cm de long. La forme ovale danoise combine les avantages des tables rondes et rectangulaires, offrant un grand espace pour des d\u00eeners agr\u00e9ables et des repas prolong\u00e9s avec la famille et les amis.  <\/p>\n<p>La table a une \u00e9l\u00e9gante finition noire qui accentue la beaut\u00e9 naturelle du bois de manguier et ajoute une touche de sophistication \u00e0 votre int\u00e9rieur. Ce bois est connu pour sa durabilit\u00e9 et ses magnifiques veines, qui conf\u00e8rent \u00e0 chaque table un caract\u00e8re unique. La couleur noire cr\u00e9e un look contemporain et \u00e9l\u00e9gant, qui s&#8217;adapte parfaitement \u00e0 une vari\u00e9t\u00e9 de styles d&#8217;int\u00e9rieur, du moderne \u00e0 l&#8217;industriel.  <\/p>\n<p>La table de salle \u00e0 manger Luca peut accueillir confortablement six \u00e0 huit personnes, ce qui la rend id\u00e9ale pour un usage quotidien ou pour des occasions sp\u00e9ciales. La construction solide et le bois de manguier robuste garantissent que la table durera des ann\u00e9es, tandis que la finition noire est facile \u00e0 combiner avec diff\u00e9rents types de chaises et de d\u00e9corations. <\/p>\n<p>Avec la table de salle \u00e0 manger Luca, vous apportez une combinaison de fonctionnalit\u00e9, de durabilit\u00e9 et d&#8217;esth\u00e9tique dans votre maison, faisant de votre salle \u00e0 manger l&#8217;endroit id\u00e9al pour se r\u00e9unir et savourer de d\u00e9licieux repas.<\/p>\n","protected":false},"excerpt":{"rendered":"<p>Fabriqu\u00e9e en bois de manguier de haute qualit\u00e9, la table de salle \u00e0 manger Luca a une forme ovale danoise unique de 200 cm et une \u00e9l\u00e9gante finition noire. Confortable pour six \u00e0 huit personnes, elle allie style, durabilit\u00e9 et fonctionnalit\u00e9 pour toute salle \u00e0 manger. <\/p>\n","protected":false},"featured_media":23141,"comment_status":"closed","ping_status":"closed","template":"","meta":{"_acf_changed":false,"leverdatum":""},"product_brand":[],"product_cat":[979,1045,1030,1507],"product_tag":[],"class_list":{"0":"post-23147","1":"product","2":"type-product","3":"status-publish","4":"has-post-thumbnail","6":"product_cat-tables-ovales","7":"product_cat-ovale-danois","8":"product_cat-tableaux","9":"product_cat-vente-flash","10":"product_shipping_class-grandes-dimensions","12":"first","13":"instock","14":"taxable","15":"shipping-taxable","16":"purchasable","17":"product-type-simple"},"acf":[],"_links":{"self":[{"href":"https:\/\/oldinn.nl\/fr\/wp-json\/wp\/v2\/product\/23147","targetHints":{"allow":["GET"]}}],"collection":[{"href":"https:\/\/oldinn.nl\/fr\/wp-json\/wp\/v2\/product"}],"about":[{"href":"https:\/\/oldinn.nl\/fr\/wp-json\/wp\/v2\/types\/product"}],"replies":[{"embeddable":true,"href":"https:\/\/oldinn.nl\/fr\/wp-json\/wp\/v2\/comments?post=23147"}],"version-history":[{"count":1,"href":"https:\/\/oldinn.nl\/fr\/wp-json\/wp\/v2\/product\/23147\/revisions"}],"predecessor-version":[{"id":25908,"href":"https:\/\/oldinn.nl\/fr\/wp-json\/wp\/v2\/product\/23147\/revisions\/25908"}],"wp:featuredmedia":[{"embeddable":true,"href":"https:\/\/oldinn.nl\/fr\/wp-json\/wp\/v2\/media\/23141"}],"wp:attachment":[{"href":"https:\/\/oldinn.nl\/fr\/wp-json\/wp\/v2\/media?parent=23147"}],"wp:term":[{"taxonomy":"product_brand","embeddable":true,"href":"https:\/\/oldinn.nl\/fr\/wp-json\/wp\/v2\/product_brand?post=23147"},{"taxonomy":"product_cat","embeddable":true,"href":"https:\/\/oldinn.nl\/fr\/wp-json\/wp\/v2\/product_cat?post=23147"},{"taxonomy":"product_tag","embeddable":true,"href":"https:\/\/oldinn.nl\/fr\/wp-json\/wp\/v2\/product_tag?post=23147"}],"curies":[{"name":"wp","href":"https:\/\/api.w.org\/{rel}","templated":true}]}}