{"id":23189,"date":"2024-06-21T12:32:31","date_gmt":"2024-06-21T10:32:31","guid":{"rendered":"https:\/\/oldinn.nl\/non%20class\u00e9\/salontafel-zwart-organisch\/"},"modified":"2025-03-14T11:51:56","modified_gmt":"2025-03-14T10:51:56","slug":"salontafel-zwart-organisch","status":"publish","type":"product","link":"https:\/\/oldinn.nl\/fr\/tableaux\/tables-basses\/salontafel-zwart-organisch\/","title":{"rendered":"Table basse noire bio"},"content":{"rendered":"<p>Cette magnifique table basse noire en bois de manguier attirera tous les regards dans votre int\u00e9rieur. Avec sa forme organique unique, elle apporte une atmosph\u00e8re ludique et dynamique \u00e0 n&#8217;importe quelle pi\u00e8ce. Au lieu des tables rectangulaires ou rondes traditionnelles, cette table basse offre une alternative rafra\u00eechissante qui est \u00e0 la fois \u00e9l\u00e9gante et fonctionnelle.  <\/p>\n<p>Le bois de manguier, r\u00e9put\u00e9 pour sa durabilit\u00e9 et la beaut\u00e9 de son grain, conf\u00e8re \u00e0 la table un aspect robuste, tandis que la finition noire lui conf\u00e8re une touche d&#8217;\u00e9l\u00e9gance. La nature naturelle du bois fait que chaque table est unique, avec de subtiles variations de couleur et de texture qui conf\u00e8rent au produit un caract\u00e8re authentique et artisanal. <\/p>\n<p>Cette table basse n&#8217;est pas seulement un ajout esth\u00e9tique \u00e0 votre salon, elle est aussi extr\u00eamement pratique. Le plateau g\u00e9n\u00e9reux offre suffisamment d&#8217;espace pour poser des boissons, des livres, des objets d\u00e9coratifs et bien d&#8217;autres choses encore. De plus, la table est robuste et stable, ce qui ajoute \u00e0 sa fonctionnalit\u00e9 au quotidien.  <\/p>\n<p>Que vous ayez un int\u00e9rieur moderne, industriel ou boh\u00e8me, cette table basse en bois de manguier s&#8217;adapte parfaitement \u00e0 une vari\u00e9t\u00e9 de styles. Elle est la pi\u00e8ce ma\u00eetresse de votre coin salon et vous invite \u00e0 passer des moments agr\u00e9ables avec vos amis et votre famille. Avec cette table basse, vous disposez non seulement d&#8217;un meuble fonctionnel, mais aussi d&#8217;un objet naturel et artisanal qui conf\u00e8re \u00e0 votre pi\u00e8ce un aspect unique.  <\/p>\n","protected":false},"excerpt":{"rendered":"<p>Cette table basse noire en bois de manguier est le compl\u00e9ment id\u00e9al de votre pi\u00e8ce. Avec sa forme organique, ludique et unique, elle donne vie \u00e0 la pi\u00e8ce. <\/p>\n","protected":false},"featured_media":23190,"comment_status":"closed","ping_status":"closed","template":"","meta":{"_acf_changed":false,"leverdatum":""},"product_brand":[],"product_cat":[969,1017,1030,1507],"product_tag":[],"class_list":{"0":"post-23189","1":"product","2":"type-product","3":"status-publish","4":"has-post-thumbnail","6":"product_cat-tables-basses","7":"product_cat-biologique","8":"product_cat-tableaux","9":"product_cat-vente-flash","10":"product_shipping_class-petit","12":"first","13":"instock","14":"taxable","15":"shipping-taxable","16":"purchasable","17":"product-type-simple"},"acf":[],"_links":{"self":[{"href":"https:\/\/oldinn.nl\/fr\/wp-json\/wp\/v2\/product\/23189","targetHints":{"allow":["GET"]}}],"collection":[{"href":"https:\/\/oldinn.nl\/fr\/wp-json\/wp\/v2\/product"}],"about":[{"href":"https:\/\/oldinn.nl\/fr\/wp-json\/wp\/v2\/types\/product"}],"replies":[{"embeddable":true,"href":"https:\/\/oldinn.nl\/fr\/wp-json\/wp\/v2\/comments?post=23189"}],"version-history":[{"count":1,"href":"https:\/\/oldinn.nl\/fr\/wp-json\/wp\/v2\/product\/23189\/revisions"}],"predecessor-version":[{"id":25251,"href":"https:\/\/oldinn.nl\/fr\/wp-json\/wp\/v2\/product\/23189\/revisions\/25251"}],"wp:featuredmedia":[{"embeddable":true,"href":"https:\/\/oldinn.nl\/fr\/wp-json\/wp\/v2\/media\/23190"}],"wp:attachment":[{"href":"https:\/\/oldinn.nl\/fr\/wp-json\/wp\/v2\/media?parent=23189"}],"wp:term":[{"taxonomy":"product_brand","embeddable":true,"href":"https:\/\/oldinn.nl\/fr\/wp-json\/wp\/v2\/product_brand?post=23189"},{"taxonomy":"product_cat","embeddable":true,"href":"https:\/\/oldinn.nl\/fr\/wp-json\/wp\/v2\/product_cat?post=23189"},{"taxonomy":"product_tag","embeddable":true,"href":"https:\/\/oldinn.nl\/fr\/wp-json\/wp\/v2\/product_tag?post=23189"}],"curies":[{"name":"wp","href":"https:\/\/api.w.org\/{rel}","templated":true}]}}