{"id":23470,"date":"2025-02-08T14:24:00","date_gmt":"2025-02-08T13:24:00","guid":{"rendered":"https:\/\/oldinn.nl\/non%20class\u00e9\/eettafel-athene-organisch\/"},"modified":"2025-03-15T19:31:51","modified_gmt":"2025-03-15T18:31:51","slug":"eettafel-athene-organisch","status":"publish","type":"product","link":"https:\/\/oldinn.nl\/fr\/tableaux\/eettafel-athene-organisch\/","title":{"rendered":"Table \u00e0 manger Ath\u00e8nes bio"},"content":{"rendered":"<p>La table de salle \u00e0 manger organique Athens allie le savoir-faire artisanal \u00e0 un look ludique et contemporain. Cette table \u00e9l\u00e9gante est fabriqu\u00e9e \u00e0 l&#8217;aide d&#8217;une technique artisanale de pl\u00e2trage \u00e0 base de ciment, cr\u00e9ant une finition robuste et sans joint qui rappelle la pierre naturelle en termes de duret\u00e9. Le r\u00e9sultat est une pi\u00e8ce \u00e9l\u00e9gante et durable qui s&#8217;int\u00e8gre parfaitement dans les int\u00e9rieurs modernes et industriels. Gr\u00e2ce \u00e0 son plateau de forme organique et \u00e0 sa base cylindrique solide, la table respire la sophistication et le dynamisme. Elle attire tous les regards et allie sans effort fonctionnalit\u00e9 et design cr\u00e9atif.    <\/p>\n","protected":false},"excerpt":{"rendered":"<p>Table de salle \u00e0 manger de fabrication artisanale avec un plateau de forme organique et une base cylindrique robuste. Une pi\u00e8ce unique qui s&#8217;int\u00e8gre parfaitement dans les int\u00e9rieurs modernes et industriels. <\/p>\n","protected":false},"featured_media":44948,"comment_status":"closed","ping_status":"closed","template":"","meta":{"_acf_changed":false,"leverdatum":""},"product_brand":[],"product_cat":[1030,1017,1507],"product_tag":[],"class_list":{"0":"post-23470","1":"product","2":"type-product","3":"status-publish","4":"has-post-thumbnail","6":"product_cat-tableaux","7":"product_cat-biologique","8":"product_cat-vente-flash","9":"product_shipping_class-grandes-dimensions","11":"first","12":"instock","13":"taxable","14":"shipping-taxable","15":"purchasable","16":"product-type-simple"},"acf":[],"_links":{"self":[{"href":"https:\/\/oldinn.nl\/fr\/wp-json\/wp\/v2\/product\/23470","targetHints":{"allow":["GET"]}}],"collection":[{"href":"https:\/\/oldinn.nl\/fr\/wp-json\/wp\/v2\/product"}],"about":[{"href":"https:\/\/oldinn.nl\/fr\/wp-json\/wp\/v2\/types\/product"}],"replies":[{"embeddable":true,"href":"https:\/\/oldinn.nl\/fr\/wp-json\/wp\/v2\/comments?post=23470"}],"version-history":[{"count":1,"href":"https:\/\/oldinn.nl\/fr\/wp-json\/wp\/v2\/product\/23470\/revisions"}],"predecessor-version":[{"id":25774,"href":"https:\/\/oldinn.nl\/fr\/wp-json\/wp\/v2\/product\/23470\/revisions\/25774"}],"wp:featuredmedia":[{"embeddable":true,"href":"https:\/\/oldinn.nl\/fr\/wp-json\/wp\/v2\/media\/44948"}],"wp:attachment":[{"href":"https:\/\/oldinn.nl\/fr\/wp-json\/wp\/v2\/media?parent=23470"}],"wp:term":[{"taxonomy":"product_brand","embeddable":true,"href":"https:\/\/oldinn.nl\/fr\/wp-json\/wp\/v2\/product_brand?post=23470"},{"taxonomy":"product_cat","embeddable":true,"href":"https:\/\/oldinn.nl\/fr\/wp-json\/wp\/v2\/product_cat?post=23470"},{"taxonomy":"product_tag","embeddable":true,"href":"https:\/\/oldinn.nl\/fr\/wp-json\/wp\/v2\/product_tag?post=23470"}],"curies":[{"name":"wp","href":"https:\/\/api.w.org\/{rel}","templated":true}]}}