{"id":24908,"date":"2025-01-29T16:23:58","date_gmt":"2025-01-29T15:23:58","guid":{"rendered":"https:\/\/oldinn.nl\/non%20class\u00e9\/eettafel-wenen-organisch-240cm\/"},"modified":"2025-03-15T21:08:03","modified_gmt":"2025-03-15T20:08:03","slug":"eetkamertafel-wenen-organisch-240cm","status":"publish","type":"product","link":"https:\/\/oldinn.nl\/fr\/tableaux\/eetkamertafel-wenen-organisch-240cm\/","title":{"rendered":"Table de salle \u00e0 manger Vienna organic 240cm"},"content":{"rendered":"<p>La table de salle \u00e0 manger Vienna Organic de 240 cm est un meuble magnifique et attrayant, enti\u00e8rement fabriqu\u00e9 en bois de manguier de haute qualit\u00e9. Le plateau de table de forme organique et la base ondul\u00e9e unique cr\u00e9ent un look \u00e9l\u00e9gant et naturel qui s&#8217;int\u00e8gre parfaitement dans les int\u00e9rieurs modernes, scandinaves ou industriels. Le bois de manguier durable aux veines apparentes d\u00e9gage chaleur et authenticit\u00e9, tandis que les lignes verticales de la base conf\u00e8rent \u00e0 la table une touche sophistiqu\u00e9e et contemporaine. Avec une longueur de 240 cm, cette table spacieuse offre suffisamment d&#8217;espace pour les grandes f\u00eates, id\u00e9ale pour les d\u00eeners conviviaux et les r\u00e9unions sociales.   <\/p>\n","protected":false},"excerpt":{"rendered":"<p>Table de salle \u00e0 manger Vienna Organic 240 cm, en bois de manguier avec un design unique et ondul\u00e9. Spacieuse, \u00e9l\u00e9gante et parfaite pour les int\u00e9rieurs modernes. <\/p>\n","protected":false},"featured_media":24878,"comment_status":"closed","ping_status":"closed","template":"","meta":{"_acf_changed":false,"leverdatum":""},"product_brand":[],"product_cat":[1030,1017,1031,1507],"product_tag":[],"class_list":{"0":"post-24908","1":"product","2":"type-product","3":"status-publish","4":"has-post-thumbnail","6":"product_cat-tableaux","7":"product_cat-biologique","8":"product_cat-table-a-manger","9":"product_cat-vente-flash","10":"product_shipping_class-grandes-dimensions","12":"first","13":"instock","14":"taxable","15":"shipping-taxable","16":"purchasable","17":"product-type-simple"},"acf":[],"_links":{"self":[{"href":"https:\/\/oldinn.nl\/fr\/wp-json\/wp\/v2\/product\/24908","targetHints":{"allow":["GET"]}}],"collection":[{"href":"https:\/\/oldinn.nl\/fr\/wp-json\/wp\/v2\/product"}],"about":[{"href":"https:\/\/oldinn.nl\/fr\/wp-json\/wp\/v2\/types\/product"}],"replies":[{"embeddable":true,"href":"https:\/\/oldinn.nl\/fr\/wp-json\/wp\/v2\/comments?post=24908"}],"version-history":[{"count":1,"href":"https:\/\/oldinn.nl\/fr\/wp-json\/wp\/v2\/product\/24908\/revisions"}],"predecessor-version":[{"id":25828,"href":"https:\/\/oldinn.nl\/fr\/wp-json\/wp\/v2\/product\/24908\/revisions\/25828"}],"wp:featuredmedia":[{"embeddable":true,"href":"https:\/\/oldinn.nl\/fr\/wp-json\/wp\/v2\/media\/24878"}],"wp:attachment":[{"href":"https:\/\/oldinn.nl\/fr\/wp-json\/wp\/v2\/media?parent=24908"}],"wp:term":[{"taxonomy":"product_brand","embeddable":true,"href":"https:\/\/oldinn.nl\/fr\/wp-json\/wp\/v2\/product_brand?post=24908"},{"taxonomy":"product_cat","embeddable":true,"href":"https:\/\/oldinn.nl\/fr\/wp-json\/wp\/v2\/product_cat?post=24908"},{"taxonomy":"product_tag","embeddable":true,"href":"https:\/\/oldinn.nl\/fr\/wp-json\/wp\/v2\/product_tag?post=24908"}],"curies":[{"name":"wp","href":"https:\/\/api.w.org\/{rel}","templated":true}]}}