{"id":24910,"date":"2025-03-01T12:27:12","date_gmt":"2025-03-01T11:27:12","guid":{"rendered":"https:\/\/oldinn.nl\/non%20class\u00e9\/eettafel-wenen-organisch-200cm\/"},"modified":"2025-03-08T14:31:26","modified_gmt":"2025-03-08T13:31:26","slug":"eettafel-wenen-organisch-200cm","status":"publish","type":"product","link":"https:\/\/oldinn.nl\/fr\/tableaux\/eettafel-wenen-organisch-200cm\/","title":{"rendered":"Table de salle \u00e0 manger Vienna organic 200cm"},"content":{"rendered":"<p>La table de salle \u00e0 manger Vienna Organic de 200 cm est un meuble unique et \u00e9l\u00e9gant enti\u00e8rement fabriqu\u00e9 en bois de manguier durable. Le plateau de forme organique combin\u00e9 \u00e0 la base ondul\u00e9e donne \u00e0 cette table un aspect particulier qui ajoute de la chaleur et du caract\u00e8re \u00e0 tout int\u00e9rieur. Le bois de manguier naturel aux veines apparentes respire l&#8217;authenticit\u00e9 et le savoir-faire, tandis que les lignes verticales de la base apportent un d\u00e9tail moderne et sophistiqu\u00e9. Cette table spacieuse est parfaite pour les d\u00eeners conviviaux et s&#8217;int\u00e8gre sans probl\u00e8me dans les int\u00e9rieurs modernes, scandinaves ou industriels.   <\/p>\n","protected":false},"excerpt":{"rendered":"<p>Table de salle \u00e0 manger Vienna Organic de 200 cm, en bois de manguier au design unique et ondul\u00e9. \u00c9l\u00e9gante, spacieuse et parfaite pour un int\u00e9rieur moderne. <\/p>\n","protected":false},"featured_media":24878,"comment_status":"closed","ping_status":"closed","template":"","meta":{"_acf_changed":false,"leverdatum":""},"product_brand":[],"product_cat":[1030,1017,1031,1507],"product_tag":[],"class_list":{"0":"post-24910","1":"product","2":"type-product","3":"status-publish","4":"has-post-thumbnail","6":"product_cat-tableaux","7":"product_cat-biologique","8":"product_cat-table-a-manger","9":"product_cat-vente-flash","10":"product_shipping_class-grandes-dimensions","12":"first","13":"instock","14":"taxable","15":"shipping-taxable","16":"purchasable","17":"product-type-simple"},"acf":[],"_links":{"self":[{"href":"https:\/\/oldinn.nl\/fr\/wp-json\/wp\/v2\/product\/24910","targetHints":{"allow":["GET"]}}],"collection":[{"href":"https:\/\/oldinn.nl\/fr\/wp-json\/wp\/v2\/product"}],"about":[{"href":"https:\/\/oldinn.nl\/fr\/wp-json\/wp\/v2\/types\/product"}],"replies":[{"embeddable":true,"href":"https:\/\/oldinn.nl\/fr\/wp-json\/wp\/v2\/comments?post=24910"}],"version-history":[{"count":1,"href":"https:\/\/oldinn.nl\/fr\/wp-json\/wp\/v2\/product\/24910\/revisions"}],"predecessor-version":[{"id":25107,"href":"https:\/\/oldinn.nl\/fr\/wp-json\/wp\/v2\/product\/24910\/revisions\/25107"}],"wp:featuredmedia":[{"embeddable":true,"href":"https:\/\/oldinn.nl\/fr\/wp-json\/wp\/v2\/media\/24878"}],"wp:attachment":[{"href":"https:\/\/oldinn.nl\/fr\/wp-json\/wp\/v2\/media?parent=24910"}],"wp:term":[{"taxonomy":"product_brand","embeddable":true,"href":"https:\/\/oldinn.nl\/fr\/wp-json\/wp\/v2\/product_brand?post=24910"},{"taxonomy":"product_cat","embeddable":true,"href":"https:\/\/oldinn.nl\/fr\/wp-json\/wp\/v2\/product_cat?post=24910"},{"taxonomy":"product_tag","embeddable":true,"href":"https:\/\/oldinn.nl\/fr\/wp-json\/wp\/v2\/product_tag?post=24910"}],"curies":[{"name":"wp","href":"https:\/\/api.w.org\/{rel}","templated":true}]}}