{"id":27362,"date":"2025-04-08T16:49:36","date_gmt":"2025-04-08T14:49:36","guid":{"rendered":"https:\/\/oldinn.nl\/?post_type=product&#038;p=27362"},"modified":"2025-04-10T23:28:25","modified_gmt":"2025-04-10T21:28:25","slug":"table-de-salle-a-manger-en-manguier-bio-noyer-reniforme-avec-pied-pivotant-kopie","status":"publish","type":"product","link":"https:\/\/oldinn.nl\/fr\/tableaux\/biologique\/table-de-salle-a-manger-en-manguier-bio-noyer-reniforme-avec-pied-pivotant-kopie\/","title":{"rendered":"Table de salle \u00e0 manger en manguier bio Noyer r\u00e9niforme avec pied pivotant (kopie)"},"content":{"rendered":"<p>Magnifique table de salle \u00e0 manger organique en bois de manguier de couleur noyer. Le plateau de la table de salle \u00e0 manger est en bois de manguier et pr\u00e9sente un design organique en forme de rein. Cela donne \u00e0 la table un aspect moderne et contemporain. Les pieds noirs donnent \u00e0 la table un aspect robuste. La table de salle \u00e0 manger en bois de manguier organique s&#8217;int\u00e8gre donc parfaitement dans un int\u00e9rieur moderne et contemporain ! Commandez votre table de salle \u00e0 manger directement en ligne ou visitez notre salle d&#8217;exposition ! Le bois de manguier est tr\u00e8s tendance en ce moment. Cette version a un aspect rural et industriel. La structure de ce bois est tr\u00e8s unique et ne peut \u00eatre compar\u00e9e \u00e0 d&#8217;autres types de bois. Le bois de manguier pousse relativement vite et le tronc de cet arbre a souvent un diam\u00e8tre consid\u00e9rable. Le vieux bois n&#8217;est coup\u00e9 que lorsque l&#8217;arbre ne porte plus de fruits et est donc tr\u00e8s durable.          <\/p>\n","protected":false},"excerpt":{"rendered":"<p>Magnifique table de salle \u00e0 manger organique en forme de rein, fabriqu\u00e9e en bois de manguier de couleur noyer. Le plateau de la table est en bois de manguier massif. <\/p>\n","protected":false},"featured_media":31980,"comment_status":"open","ping_status":"closed","template":"","meta":{"_acf_changed":false,"leverdatum":""},"product_brand":[],"product_cat":[1017,1507],"product_tag":[1018],"class_list":{"0":"post-27362","1":"product","2":"type-product","3":"status-publish","4":"has-post-thumbnail","6":"product_cat-biologique","7":"product_cat-vente-flash","8":"product_tag-table-a-manger","9":"product_shipping_class-grandes-dimensions","11":"first","12":"instock","13":"taxable","14":"shipping-taxable","15":"purchasable","16":"product-type-simple"},"acf":[],"_links":{"self":[{"href":"https:\/\/oldinn.nl\/fr\/wp-json\/wp\/v2\/product\/27362","targetHints":{"allow":["GET"]}}],"collection":[{"href":"https:\/\/oldinn.nl\/fr\/wp-json\/wp\/v2\/product"}],"about":[{"href":"https:\/\/oldinn.nl\/fr\/wp-json\/wp\/v2\/types\/product"}],"replies":[{"embeddable":true,"href":"https:\/\/oldinn.nl\/fr\/wp-json\/wp\/v2\/comments?post=27362"}],"version-history":[{"count":1,"href":"https:\/\/oldinn.nl\/fr\/wp-json\/wp\/v2\/product\/27362\/revisions"}],"predecessor-version":[{"id":27422,"href":"https:\/\/oldinn.nl\/fr\/wp-json\/wp\/v2\/product\/27362\/revisions\/27422"}],"wp:featuredmedia":[{"embeddable":true,"href":"https:\/\/oldinn.nl\/fr\/wp-json\/wp\/v2\/media\/31980"}],"wp:attachment":[{"href":"https:\/\/oldinn.nl\/fr\/wp-json\/wp\/v2\/media?parent=27362"}],"wp:term":[{"taxonomy":"product_brand","embeddable":true,"href":"https:\/\/oldinn.nl\/fr\/wp-json\/wp\/v2\/product_brand?post=27362"},{"taxonomy":"product_cat","embeddable":true,"href":"https:\/\/oldinn.nl\/fr\/wp-json\/wp\/v2\/product_cat?post=27362"},{"taxonomy":"product_tag","embeddable":true,"href":"https:\/\/oldinn.nl\/fr\/wp-json\/wp\/v2\/product_tag?post=27362"}],"curies":[{"name":"wp","href":"https:\/\/api.w.org\/{rel}","templated":true}]}}