{"id":46454,"date":"2025-09-27T18:32:03","date_gmt":"2025-09-27T16:32:03","guid":{"rendered":"https:\/\/oldinn.nl\/non class\u00e9\/salontafel-toulouse-50cm\/"},"modified":"2025-09-27T18:32:03","modified_gmt":"2025-09-27T16:32:03","slug":"salontafel-toulouse-50cm","status":"publish","type":"product","link":"https:\/\/oldinn.nl\/fr\/tableaux\/tables-basses\/salontafel-toulouse-50cm\/","title":{"rendered":"Table basse Toulouse 50 cm"},"content":{"rendered":"<p data-start=\"4444\" data-end=\"4650\">La table d&#8217;appoint Toulouse \u00d850 cm est un compl\u00e9ment pratique et \u00e9l\u00e9gant \u00e0 la s\u00e9rie Toulouse. Le plateau rond en bois de manguier massif, en finition marron chaud, respire l&#8217;\u00e9l\u00e9gance et la qualit\u00e9. <\/p>\n<p data-start=\"4652\" data-end=\"4927\">Le pi\u00e8tement pr\u00e9sente le m\u00eame style sculptural que les tables de salle \u00e0 manger : un pied colonne en bois au design artistique qui conf\u00e8re \u00e0 cette table d&#8217;appoint un caract\u00e8re et un aspect uniques. Parfaite comme table d&#8217;appoint \u00e0 c\u00f4t\u00e9 du canap\u00e9, dans le hall d&#8217;entr\u00e9e ou comme table d\u00e9corative dans le salon. <\/p>\n<p data-start=\"4929\" data-end=\"5063\">Une pi\u00e8ce de design subtile qui s&#8217;harmonise avec les tables de salle \u00e0 manger de la m\u00eame s\u00e9rie &#8211; ou qui constitue un compl\u00e9ment \u00e9l\u00e9gant \u00e0 elle seule.<\/p>\n","protected":false},"excerpt":{"rendered":"<p data-start=\"581\" data-end=\"781\">La table d&#8217;appoint Toulouse \u00d850 cm est une table d&#8217;appoint compacte au look luxueux. Le plateau rond en bois de manguier massif repose sur le m\u00eame pied sculptural que les tables de salle \u00e0 manger &#8211; un petit accent stylistique. <\/p>\n","protected":false},"featured_media":45434,"comment_status":"closed","ping_status":"closed","template":"","meta":{"_acf_changed":false,"leverdatum":""},"product_brand":[],"product_cat":[1502,1030,969,1507],"product_tag":[],"class_list":{"0":"post-46454","1":"product","2":"type-product","3":"status-publish","4":"has-post-thumbnail","6":"product_cat-pre-commande","7":"product_cat-tableaux","8":"product_cat-tables-basses","9":"product_cat-vente-flash","10":"product_shipping_class-petit","12":"first","13":"instock","14":"taxable","15":"shipping-taxable","16":"purchasable","17":"product-type-simple"},"acf":[],"_links":{"self":[{"href":"https:\/\/oldinn.nl\/fr\/wp-json\/wp\/v2\/product\/46454","targetHints":{"allow":["GET"]}}],"collection":[{"href":"https:\/\/oldinn.nl\/fr\/wp-json\/wp\/v2\/product"}],"about":[{"href":"https:\/\/oldinn.nl\/fr\/wp-json\/wp\/v2\/types\/product"}],"replies":[{"embeddable":true,"href":"https:\/\/oldinn.nl\/fr\/wp-json\/wp\/v2\/comments?post=46454"}],"version-history":[{"count":0,"href":"https:\/\/oldinn.nl\/fr\/wp-json\/wp\/v2\/product\/46454\/revisions"}],"wp:featuredmedia":[{"embeddable":true,"href":"https:\/\/oldinn.nl\/fr\/wp-json\/wp\/v2\/media\/45434"}],"wp:attachment":[{"href":"https:\/\/oldinn.nl\/fr\/wp-json\/wp\/v2\/media?parent=46454"}],"wp:term":[{"taxonomy":"product_brand","embeddable":true,"href":"https:\/\/oldinn.nl\/fr\/wp-json\/wp\/v2\/product_brand?post=46454"},{"taxonomy":"product_cat","embeddable":true,"href":"https:\/\/oldinn.nl\/fr\/wp-json\/wp\/v2\/product_cat?post=46454"},{"taxonomy":"product_tag","embeddable":true,"href":"https:\/\/oldinn.nl\/fr\/wp-json\/wp\/v2\/product_tag?post=46454"}],"curies":[{"name":"wp","href":"https:\/\/api.w.org\/{rel}","templated":true}]}}