{"id":46456,"date":"2025-09-27T18:32:02","date_gmt":"2025-09-27T16:32:02","guid":{"rendered":"https:\/\/oldinn.nl\/non class\u00e9\/salontafel-hamburg-130cm\/"},"modified":"2025-09-27T18:32:02","modified_gmt":"2025-09-27T16:32:02","slug":"salontafel-hamburg-130cm","status":"publish","type":"product","link":"https:\/\/oldinn.nl\/fr\/tableaux\/tables-basses\/salontafel-hamburg-130cm\/","title":{"rendered":"Table basse Hambourg 130cm"},"content":{"rendered":"<p data-start=\"5872\" data-end=\"6085\">La table basse Hamburg 130&#215;70 cm est un compl\u00e9ment \u00e9l\u00e9gant \u00e0 la s\u00e9rie Hamburg. Le plateau en bois de manguier massif est recouvert d&#8217;une finition brune chaude, laissant clairement appara\u00eetre les veines du bois. <\/p>\n<p data-start=\"6087\" data-end=\"6383\">Le pi\u00e8tement est constitu\u00e9 de pieds en bois massif transversaux d&#8217;une \u00e9paisseur de 50 mm, ce qui conf\u00e8re \u00e0 la table une stabilit\u00e9 et un aspect robuste. Gr\u00e2ce \u00e0 son plateau ovale, la table a un aspect accessible et convivial, qui s&#8217;int\u00e8gre aussi bien dans les salons modernes que dans les salons campagnards. <\/p>\n","protected":false},"excerpt":{"rendered":"<p>La table basse Hamburg 130&#215;70 cm apporte un design cool et chaleureux au salon. Le plateau ovale danois en bois de manguier repose sur des pieds crois\u00e9s et constitue une pi\u00e8ce ma\u00eetresse \u00e9l\u00e9gante. <\/p>\n","protected":false},"featured_media":45136,"comment_status":"open","ping_status":"closed","template":"","meta":{"_acf_changed":false,"leverdatum":""},"product_brand":[],"product_cat":[1502,1030,969,1507],"product_tag":[],"class_list":{"0":"post-46456","1":"product","2":"type-product","3":"status-publish","4":"has-post-thumbnail","6":"product_cat-pre-commande","7":"product_cat-tableaux","8":"product_cat-tables-basses","9":"product_cat-vente-flash","10":"product_shipping_class-petit","12":"first","13":"instock","14":"taxable","15":"shipping-taxable","16":"purchasable","17":"product-type-simple"},"acf":[],"_links":{"self":[{"href":"https:\/\/oldinn.nl\/fr\/wp-json\/wp\/v2\/product\/46456","targetHints":{"allow":["GET"]}}],"collection":[{"href":"https:\/\/oldinn.nl\/fr\/wp-json\/wp\/v2\/product"}],"about":[{"href":"https:\/\/oldinn.nl\/fr\/wp-json\/wp\/v2\/types\/product"}],"replies":[{"embeddable":true,"href":"https:\/\/oldinn.nl\/fr\/wp-json\/wp\/v2\/comments?post=46456"}],"version-history":[{"count":0,"href":"https:\/\/oldinn.nl\/fr\/wp-json\/wp\/v2\/product\/46456\/revisions"}],"wp:featuredmedia":[{"embeddable":true,"href":"https:\/\/oldinn.nl\/fr\/wp-json\/wp\/v2\/media\/45136"}],"wp:attachment":[{"href":"https:\/\/oldinn.nl\/fr\/wp-json\/wp\/v2\/media?parent=46456"}],"wp:term":[{"taxonomy":"product_brand","embeddable":true,"href":"https:\/\/oldinn.nl\/fr\/wp-json\/wp\/v2\/product_brand?post=46456"},{"taxonomy":"product_cat","embeddable":true,"href":"https:\/\/oldinn.nl\/fr\/wp-json\/wp\/v2\/product_cat?post=46456"},{"taxonomy":"product_tag","embeddable":true,"href":"https:\/\/oldinn.nl\/fr\/wp-json\/wp\/v2\/product_tag?post=46456"}],"curies":[{"name":"wp","href":"https:\/\/api.w.org\/{rel}","templated":true}]}}