{"id":46472,"date":"2025-09-27T18:32:00","date_gmt":"2025-09-27T16:32:00","guid":{"rendered":"https:\/\/oldinn.nl\/non class\u00e9\/eettafel-hamburg-130cm\/"},"modified":"2025-09-27T18:32:00","modified_gmt":"2025-09-27T16:32:00","slug":"eettafel-hamburg-130cm","status":"publish","type":"product","link":"https:\/\/oldinn.nl\/fr\/tableaux\/tables-rondes\/eettafel-hamburg-130cm\/","title":{"rendered":"Table \u00e0 manger Hamburg 130cm"},"content":{"rendered":"<p data-start=\"3884\" data-end=\"4091\">La table de salle \u00e0 manger Hamburg \u00d8130 cm allie un design compact \u00e0 un aspect robuste. Le plateau rond en bois de manguier massif est recouvert d&#8217;une finition marron chaud qui met joliment en valeur les veines du bois. <\/p>\n<p data-start=\"4093\" data-end=\"4351\">Le pi\u00e8tement est constitu\u00e9 de pieds en bois robustes et crois\u00e9s, d&#8217;une \u00e9paisseur de 50 mm, qui assurent la stabilit\u00e9 et la solidit\u00e9 de la table. Avec une capacit\u00e9 de 4 personnes et une forme ronde qui cr\u00e9e intimit\u00e9 et convivialit\u00e9, cette table est id\u00e9ale pour les salles \u00e0 manger accueillantes. <\/p>\n","protected":false},"excerpt":{"rendered":"<p>La table de salle \u00e0 manger Hamburg \u00d8130 cm est une table ronde confortable pour 4 personnes. Le plateau en bois de manguier massif repose sur de solides pieds crois\u00e9s et d\u00e9gage chaleur et stabilit\u00e9. <\/p>\n","protected":false},"featured_media":45012,"comment_status":"open","ping_status":"closed","template":"","meta":{"_acf_changed":false,"leverdatum":""},"product_brand":[],"product_cat":[1502,1030,1197,1507],"product_tag":[],"class_list":{"0":"post-46472","1":"product","2":"type-product","3":"status-publish","4":"has-post-thumbnail","6":"product_cat-pre-commande","7":"product_cat-tableaux","8":"product_cat-tables-rondes","9":"product_cat-vente-flash","10":"product_shipping_class-grandes-dimensions","12":"first","13":"instock","14":"taxable","15":"shipping-taxable","16":"purchasable","17":"product-type-simple"},"acf":[],"_links":{"self":[{"href":"https:\/\/oldinn.nl\/fr\/wp-json\/wp\/v2\/product\/46472","targetHints":{"allow":["GET"]}}],"collection":[{"href":"https:\/\/oldinn.nl\/fr\/wp-json\/wp\/v2\/product"}],"about":[{"href":"https:\/\/oldinn.nl\/fr\/wp-json\/wp\/v2\/types\/product"}],"replies":[{"embeddable":true,"href":"https:\/\/oldinn.nl\/fr\/wp-json\/wp\/v2\/comments?post=46472"}],"version-history":[{"count":0,"href":"https:\/\/oldinn.nl\/fr\/wp-json\/wp\/v2\/product\/46472\/revisions"}],"wp:featuredmedia":[{"embeddable":true,"href":"https:\/\/oldinn.nl\/fr\/wp-json\/wp\/v2\/media\/45012"}],"wp:attachment":[{"href":"https:\/\/oldinn.nl\/fr\/wp-json\/wp\/v2\/media?parent=46472"}],"wp:term":[{"taxonomy":"product_brand","embeddable":true,"href":"https:\/\/oldinn.nl\/fr\/wp-json\/wp\/v2\/product_brand?post=46472"},{"taxonomy":"product_cat","embeddable":true,"href":"https:\/\/oldinn.nl\/fr\/wp-json\/wp\/v2\/product_cat?post=46472"},{"taxonomy":"product_tag","embeddable":true,"href":"https:\/\/oldinn.nl\/fr\/wp-json\/wp\/v2\/product_tag?post=46472"}],"curies":[{"name":"wp","href":"https:\/\/api.w.org\/{rel}","templated":true}]}}