{"id":46474,"date":"2025-09-27T18:32:00","date_gmt":"2025-09-27T16:32:00","guid":{"rendered":"https:\/\/oldinn.nl\/non class\u00e9\/eettafel-hamburg-150cm\/"},"modified":"2025-09-27T18:32:00","modified_gmt":"2025-09-27T16:32:00","slug":"eettafel-hamburg-150cm","status":"publish","type":"product","link":"https:\/\/oldinn.nl\/fr\/tableaux\/tables-rondes\/eettafel-hamburg-150cm\/","title":{"rendered":"Table \u00e0 manger Hamburg 150cm"},"content":{"rendered":"<p data-start=\"4895\" data-end=\"5160\">La table de salle \u00e0 manger Hambourg \u00d8150 cm a une forme \u00e0 la fois g\u00e9n\u00e9reuse et conviviale. Le plateau rond en bois de manguier massif en finition brune met en valeur la structure du bois. La base robuste est constitu\u00e9e de pieds crois\u00e9s d&#8217;une \u00e9paisseur de 50 mm, ce qui conf\u00e8re \u00e0 la table force et stabilit\u00e9.  <\/p>\n<p data-start=\"5162\" data-end=\"5333\">La forme ronde invite \u00e0 des repas conviviaux et cr\u00e9e une atmosph\u00e8re intime, m\u00eame pour 6 personnes. Un \u00e9quilibre parfait entre la chaleur, la force et la simplicit\u00e9 scandinave. <\/p>\n","protected":false},"excerpt":{"rendered":"<p>La table de salle \u00e0 manger Hamburg \u00d8150 cm offre de la place pour 6 personnes. Avec un plateau rond en bois de manguier massif et des pieds crois\u00e9s robustes, cette table allie chaleur et design puissant. <\/p>\n","protected":false},"featured_media":45012,"comment_status":"open","ping_status":"closed","template":"","meta":{"_acf_changed":false,"leverdatum":""},"product_brand":[],"product_cat":[1502,1030,1197,1507],"product_tag":[],"class_list":{"0":"post-46474","1":"product","2":"type-product","3":"status-publish","4":"has-post-thumbnail","6":"product_cat-pre-commande","7":"product_cat-tableaux","8":"product_cat-tables-rondes","9":"product_cat-vente-flash","10":"product_shipping_class-grandes-dimensions","12":"first","13":"instock","14":"taxable","15":"shipping-taxable","16":"purchasable","17":"product-type-simple"},"acf":[],"_links":{"self":[{"href":"https:\/\/oldinn.nl\/fr\/wp-json\/wp\/v2\/product\/46474","targetHints":{"allow":["GET"]}}],"collection":[{"href":"https:\/\/oldinn.nl\/fr\/wp-json\/wp\/v2\/product"}],"about":[{"href":"https:\/\/oldinn.nl\/fr\/wp-json\/wp\/v2\/types\/product"}],"replies":[{"embeddable":true,"href":"https:\/\/oldinn.nl\/fr\/wp-json\/wp\/v2\/comments?post=46474"}],"version-history":[{"count":0,"href":"https:\/\/oldinn.nl\/fr\/wp-json\/wp\/v2\/product\/46474\/revisions"}],"wp:featuredmedia":[{"embeddable":true,"href":"https:\/\/oldinn.nl\/fr\/wp-json\/wp\/v2\/media\/45012"}],"wp:attachment":[{"href":"https:\/\/oldinn.nl\/fr\/wp-json\/wp\/v2\/media?parent=46474"}],"wp:term":[{"taxonomy":"product_brand","embeddable":true,"href":"https:\/\/oldinn.nl\/fr\/wp-json\/wp\/v2\/product_brand?post=46474"},{"taxonomy":"product_cat","embeddable":true,"href":"https:\/\/oldinn.nl\/fr\/wp-json\/wp\/v2\/product_cat?post=46474"},{"taxonomy":"product_tag","embeddable":true,"href":"https:\/\/oldinn.nl\/fr\/wp-json\/wp\/v2\/product_tag?post=46474"}],"curies":[{"name":"wp","href":"https:\/\/api.w.org\/{rel}","templated":true}]}}