{"id":46545,"date":"2025-09-27T18:32:02","date_gmt":"2025-09-27T16:32:02","guid":{"rendered":"https:\/\/oldinn.nl\/non class\u00e9\/eettafel-toulouse-200cm\/"},"modified":"2025-09-27T18:32:02","modified_gmt":"2025-09-27T16:32:02","slug":"eettafel-toulouse-200cm","status":"publish","type":"product","link":"https:\/\/oldinn.nl\/fr\/tableaux\/eettafel-toulouse-200cm\/","title":{"rendered":"Table \u00e0 manger Toulouse 200cm"},"content":{"rendered":"<p data-start=\"1994\" data-end=\"2225\">La table de salle \u00e0 manger Toulouse 200&#215;110 cm est con\u00e7ue pour ceux qui aiment le design de caract\u00e8re. Le g\u00e9n\u00e9reux plateau ovale en bois de manguier massif rayonne de chaleur et de luxe gr\u00e2ce \u00e0 la finition brune qui accentue les veines naturelles du bois. <\/p>\n<p data-start=\"2227\" data-end=\"2456\">Le pi\u00e8tement est la pi\u00e8ce ma\u00eetresse de la table : un pied sculptural en bois dont les formes fluides et artistiques rappellent la sculpture moderne. Ce pied conf\u00e8re \u00e0 la table sa stabilit\u00e9 tout en attirant le regard dans l&#8217;int\u00e9rieur. <\/p>\n<p data-start=\"2458\" data-end=\"2606\">Pouvant accueillir 6 personnes, le Toulouse 200&#215;110 cm est id\u00e9al pour les familles et les d\u00eeners entre amis, o\u00f9 style et convivialit\u00e9 vont de pair.<\/p>\n","protected":false},"excerpt":{"rendered":"<p data-start=\"581\" data-end=\"781\">La table de salle \u00e0 manger Toulouse 200&#215;110 cm est une table moderne pour 6 personnes. Le plateau ovale en bois de manguier en finition brune est soutenu par un pied sculptural unique &#8211; une \u0153uvre d&#8217;art fonctionnelle dans la salle \u00e0 manger. <\/p>\n","protected":false},"featured_media":44903,"comment_status":"closed","ping_status":"closed","template":"","meta":{"_acf_changed":false,"leverdatum":""},"product_brand":[],"product_cat":[1030,1045,1502,1507],"product_tag":[],"class_list":{"0":"post-46545","1":"product","2":"type-product","3":"status-publish","4":"has-post-thumbnail","6":"product_cat-tableaux","7":"product_cat-ovale-danois","8":"product_cat-pre-commande","9":"product_cat-vente-flash","10":"product_shipping_class-grandes-dimensions","12":"first","13":"instock","14":"taxable","15":"shipping-taxable","16":"purchasable","17":"product-type-simple"},"acf":[],"_links":{"self":[{"href":"https:\/\/oldinn.nl\/fr\/wp-json\/wp\/v2\/product\/46545","targetHints":{"allow":["GET"]}}],"collection":[{"href":"https:\/\/oldinn.nl\/fr\/wp-json\/wp\/v2\/product"}],"about":[{"href":"https:\/\/oldinn.nl\/fr\/wp-json\/wp\/v2\/types\/product"}],"replies":[{"embeddable":true,"href":"https:\/\/oldinn.nl\/fr\/wp-json\/wp\/v2\/comments?post=46545"}],"version-history":[{"count":0,"href":"https:\/\/oldinn.nl\/fr\/wp-json\/wp\/v2\/product\/46545\/revisions"}],"wp:featuredmedia":[{"embeddable":true,"href":"https:\/\/oldinn.nl\/fr\/wp-json\/wp\/v2\/media\/44903"}],"wp:attachment":[{"href":"https:\/\/oldinn.nl\/fr\/wp-json\/wp\/v2\/media?parent=46545"}],"wp:term":[{"taxonomy":"product_brand","embeddable":true,"href":"https:\/\/oldinn.nl\/fr\/wp-json\/wp\/v2\/product_brand?post=46545"},{"taxonomy":"product_cat","embeddable":true,"href":"https:\/\/oldinn.nl\/fr\/wp-json\/wp\/v2\/product_cat?post=46545"},{"taxonomy":"product_tag","embeddable":true,"href":"https:\/\/oldinn.nl\/fr\/wp-json\/wp\/v2\/product_tag?post=46545"}],"curies":[{"name":"wp","href":"https:\/\/api.w.org\/{rel}","templated":true}]}}